{"id":8310,"date":"2025-06-18T10:33:34","date_gmt":"2025-06-18T08:33:34","guid":{"rendered":"https:\/\/missionfleetawards.it\/?page_id=8310"},"modified":"2025-06-18T10:33:35","modified_gmt":"2025-06-18T08:33:35","slug":"antonio-strano-car-fleet-specialist-mondelez-italia-s-r-l","status":"publish","type":"page","link":"https:\/\/missionfleetawards.it\/index.php\/edizione-2025\/giuria-2025\/antonio-strano-car-fleet-specialist-mondelez-italia-s-r-l\/","title":{"rendered":"Antonio Strano | Car Fleet Specialist | Mondelez Italia S.r.l."},"content":{"rendered":"\n<p>La mia formazione \u00e8 giuridica, in Mondelez (prima Kraft Foods) dopo alcuni anni inFinance come Credit Risk Analyst sono diventato Legal Specialist, ricoprendo quella carica dal dicembre 2005 al febbraio 2018.<\/p>\n\n\n\n<p>Fornivo pareri legali su una variet\u00e0 di temi relativi agli aspetti legali del business, tematiche commerciali e contratti, marketing, pubblicit\u00e0 e diritti dei consumatori, protezione dei dati (data privacy), tutta la legislazione sulla competizione di mercato, le tematiche delle manifestazioni a premio sia su punto vendita che su web. Ero anche di supporto proattivo alle diverse funzioni di ciascuna societ\u00e0 del Gruppo Mondelez e legale di riferimento di Fattorie Osella, societ\u00e0 di cui Mondelez detiene il 51% delle quote, per la quale ho seguito tutti i contratti export e quelli con le societ\u00e0 della Grande Distribuzione.<\/p>\n\n\n\n<p>Da marzo 2018 ad oggi sono Car Fleet Specialist, la nostra flotta \u00e8 di circa 200 auto, al momento nessuna full electric o plug in, ma siamo nella fase di transizione.<\/p>\n","protected":false},"excerpt":{"rendered":"<p>La mia formazione \u00e8 giuridica, in Mondelez (prima Kraft Foods) dopo alcuni anni inFinance come Credit Risk Analyst sono diventato Legal Specialist, ricoprendo quella carica dal dicembre 2005 al febbraio 2018. Fornivo pareri legali su una variet\u00e0 di temi relativi agli aspetti legali del business, tematiche commerciali e contratti, marketing, pubblicit\u00e0 e diritti dei consumatori,&hellip;<\/p>\n","protected":false},"author":1,"featured_media":8344,"parent":8200,"menu_order":0,"comment_status":"closed","ping_status":"closed","template":"template.juror.php","meta":{"ngg_post_thumbnail":0,"footnotes":""},"_links":{"self":[{"href":"https:\/\/missionfleetawards.it\/index.php\/wp-json\/wp\/v2\/pages\/8310"}],"collection":[{"href":"https:\/\/missionfleetawards.it\/index.php\/wp-json\/wp\/v2\/pages"}],"about":[{"href":"https:\/\/missionfleetawards.it\/index.php\/wp-json\/wp\/v2\/types\/page"}],"author":[{"embeddable":true,"href":"https:\/\/missionfleetawards.it\/index.php\/wp-json\/wp\/v2\/users\/1"}],"replies":[{"embeddable":true,"href":"https:\/\/missionfleetawards.it\/index.php\/wp-json\/wp\/v2\/comments?post=8310"}],"version-history":[{"count":5,"href":"https:\/\/missionfleetawards.it\/index.php\/wp-json\/wp\/v2\/pages\/8310\/revisions"}],"predecessor-version":[{"id":8345,"href":"https:\/\/missionfleetawards.it\/index.php\/wp-json\/wp\/v2\/pages\/8310\/revisions\/8345"}],"up":[{"embeddable":true,"href":"https:\/\/missionfleetawards.it\/index.php\/wp-json\/wp\/v2\/pages\/8200"}],"wp:featuredmedia":[{"embeddable":true,"href":"https:\/\/missionfleetawards.it\/index.php\/wp-json\/wp\/v2\/media\/8344"}],"wp:attachment":[{"href":"https:\/\/missionfleetawards.it\/index.php\/wp-json\/wp\/v2\/media?parent=8310"}],"curies":[{"name":"wp","href":"https:\/\/api.w.org\/{rel}","templated":true}]}}