{"id":8305,"date":"2025-06-18T10:33:25","date_gmt":"2025-06-18T08:33:25","guid":{"rendered":"https:\/\/missionfleetawards.it\/?page_id=8305"},"modified":"2025-06-18T10:33:26","modified_gmt":"2025-06-18T08:33:26","slug":"silvio-fornera-fleet-mobility-manager-sammontana-s-p-a","status":"publish","type":"page","link":"https:\/\/missionfleetawards.it\/index.php\/edizione-2025\/giuria-2025\/silvio-fornera-fleet-mobility-manager-sammontana-s-p-a\/","title":{"rendered":"Silvio Fornera | Fleet &amp; Mobility Manager | Sammontana S.p.A."},"content":{"rendered":"\n<p>Dopo aver completato gli studi universitari in ambito economico e maturato alcune esperienze lavorative, nel 2016 entro a far parte di Sammontana S.p.A. Societ\u00e0 Benefit, azienda leader nel settore alimentare.<\/p>\n\n\n\n<p>Dal 2019 ricopro il ruolo di Fleet Manager, gestendo attualmente una flotta aziendale di circa 360 mezzi tra veicoli commerciali ed autovetture. Mi occupo di gestire tutte le attivit\u00e0 atte a garantire l\u2019efficienza del parco, tenendo conto degli aspetti funzionali, economici e di sostenibilit\u00e0 ambientale.<\/p>\n\n\n\n<p>Dal 2021 assumo anche la funzione di Mobility Manager, coordinando la predisposizione periodica del documento \u201cPiano Spostamento Casa-Lavoro\u201d per tutti gli stabilimenti produttivi aziendali. In questo ruolo, sviluppo strategie e progetti per incentivare la mobilit\u00e0 sostenibile aziendale e gestisco le comunicazioni con i soggetti interni coinvolti e le Autorit\u00e0 Competenti, tra cui per esempio Comuni, Citt\u00e0 Metropolitane ed associazioni di settore.<\/p>\n","protected":false},"excerpt":{"rendered":"<p>Dopo aver completato gli studi universitari in ambito economico e maturato alcune esperienze lavorative, nel 2016 entro a far parte di Sammontana S.p.A. Societ\u00e0 Benefit, azienda leader nel settore alimentare. Dal 2019 ricopro il ruolo di Fleet Manager, gestendo attualmente una flotta aziendale di circa 360 mezzi tra veicoli commerciali ed autovetture. Mi occupo di&hellip;<\/p>\n","protected":false},"author":1,"featured_media":8342,"parent":8200,"menu_order":0,"comment_status":"closed","ping_status":"closed","template":"template.juror.php","meta":{"ngg_post_thumbnail":0,"footnotes":""},"_links":{"self":[{"href":"https:\/\/missionfleetawards.it\/index.php\/wp-json\/wp\/v2\/pages\/8305"}],"collection":[{"href":"https:\/\/missionfleetawards.it\/index.php\/wp-json\/wp\/v2\/pages"}],"about":[{"href":"https:\/\/missionfleetawards.it\/index.php\/wp-json\/wp\/v2\/types\/page"}],"author":[{"embeddable":true,"href":"https:\/\/missionfleetawards.it\/index.php\/wp-json\/wp\/v2\/users\/1"}],"replies":[{"embeddable":true,"href":"https:\/\/missionfleetawards.it\/index.php\/wp-json\/wp\/v2\/comments?post=8305"}],"version-history":[{"count":5,"href":"https:\/\/missionfleetawards.it\/index.php\/wp-json\/wp\/v2\/pages\/8305\/revisions"}],"predecessor-version":[{"id":8343,"href":"https:\/\/missionfleetawards.it\/index.php\/wp-json\/wp\/v2\/pages\/8305\/revisions\/8343"}],"up":[{"embeddable":true,"href":"https:\/\/missionfleetawards.it\/index.php\/wp-json\/wp\/v2\/pages\/8200"}],"wp:featuredmedia":[{"embeddable":true,"href":"https:\/\/missionfleetawards.it\/index.php\/wp-json\/wp\/v2\/media\/8342"}],"wp:attachment":[{"href":"https:\/\/missionfleetawards.it\/index.php\/wp-json\/wp\/v2\/media?parent=8305"}],"curies":[{"name":"wp","href":"https:\/\/api.w.org\/{rel}","templated":true}]}}