{"id":7709,"date":"2024-06-26T10:31:26","date_gmt":"2024-06-26T08:31:26","guid":{"rendered":"https:\/\/missionfleetawards.it\/?page_id=7709"},"modified":"2024-06-26T10:33:17","modified_gmt":"2024-06-26T08:33:17","slug":"alvaro-brognara","status":"publish","type":"page","link":"https:\/\/missionfleetawards.it\/index.php\/edizione-2024\/giuria-2024\/alvaro-brognara\/","title":{"rendered":"Alvaro Brognara | Senior Advisor"},"content":{"rendered":"\n<p><\/p>\n\n\n\n<p>Professionista con 40 anni di esperienza in societ\u00e0 multinazionali (Accenture, IBM, TXT GROUP) e PMI (Serim, Sogedai) con ampie responsabilit\u00e0 di gestione, compreso il coordinamento di gruppi di lavoro, di progetti sia locali sia globali e del budget della funzione. <br>Membro attivo dell\u2019Associazione Accenture Alumni Xpert Network.<\/p>\n\n\n\n<p>Esperienza in ambito Procurement, Car Fleet, Internal Audit, Corporate Governance, Organizzazione e Controllo dei Processi Aziendali e Contabilit\u00e0.<\/p>\n\n\n\n<p>Forte senso di responsabilit\u00e0 e attenzione al raggiungimento dei risultati, coniugato con una agilit\u00e0 di esecuzione in contesti organizzativi e di mercato complessi. Alto livello di delega e responsabilit\u00e0 personale nella definizione di piani, metodologie di lavoro e strategie dell&#8217;unit\u00e0 organizzativa gestita.<\/p>\n","protected":false},"excerpt":{"rendered":"<p>Professionista con 40 anni di esperienza in societ\u00e0 multinazionali (Accenture, IBM, TXT GROUP) e PMI (Serim, Sogedai) con ampie responsabilit\u00e0 di gestione, compreso il coordinamento di gruppi di lavoro, di progetti sia locali sia globali e del budget della funzione. Membro attivo dell\u2019Associazione Accenture Alumni Xpert Network. Esperienza in ambito Procurement, Car Fleet, Internal Audit,&hellip;<\/p>\n","protected":false},"author":1,"featured_media":7710,"parent":147,"menu_order":3,"comment_status":"closed","ping_status":"closed","template":"template.juror.php","meta":{"ngg_post_thumbnail":0,"footnotes":""},"_links":{"self":[{"href":"https:\/\/missionfleetawards.it\/index.php\/wp-json\/wp\/v2\/pages\/7709"}],"collection":[{"href":"https:\/\/missionfleetawards.it\/index.php\/wp-json\/wp\/v2\/pages"}],"about":[{"href":"https:\/\/missionfleetawards.it\/index.php\/wp-json\/wp\/v2\/types\/page"}],"author":[{"embeddable":true,"href":"https:\/\/missionfleetawards.it\/index.php\/wp-json\/wp\/v2\/users\/1"}],"replies":[{"embeddable":true,"href":"https:\/\/missionfleetawards.it\/index.php\/wp-json\/wp\/v2\/comments?post=7709"}],"version-history":[{"count":2,"href":"https:\/\/missionfleetawards.it\/index.php\/wp-json\/wp\/v2\/pages\/7709\/revisions"}],"predecessor-version":[{"id":7712,"href":"https:\/\/missionfleetawards.it\/index.php\/wp-json\/wp\/v2\/pages\/7709\/revisions\/7712"}],"up":[{"embeddable":true,"href":"https:\/\/missionfleetawards.it\/index.php\/wp-json\/wp\/v2\/pages\/147"}],"wp:featuredmedia":[{"embeddable":true,"href":"https:\/\/missionfleetawards.it\/index.php\/wp-json\/wp\/v2\/media\/7710"}],"wp:attachment":[{"href":"https:\/\/missionfleetawards.it\/index.php\/wp-json\/wp\/v2\/media?parent=7709"}],"curies":[{"name":"wp","href":"https:\/\/api.w.org\/{rel}","templated":true}]}}