{"id":7660,"date":"2024-05-27T15:26:18","date_gmt":"2024-05-27T13:26:18","guid":{"rendered":"https:\/\/missionfleetawards.it\/?page_id=7660"},"modified":"2024-11-05T12:20:30","modified_gmt":"2024-11-05T11:20:30","slug":"targa-partner-adr-e-move","status":"publish","type":"page","link":"https:\/\/missionfleetawards.it\/index.php\/edizione-2024\/partner-2024\/targa-partner-adr-e-move\/","title":{"rendered":"Targa Partner &#8211; ADR e-move"},"content":{"rendered":"\n<p><strong>easy Parking<\/strong> \u00e8 il brand commerciale di ADR Mobility, la societ\u00e0 del gruppo ADR che si occupa dello sviluppo e della gestione dei servizi di mobilit\u00e0 negli aeroporti Leonardo da Vinci di Fiumicino e G.B. Pastine di Ciampino. Con 19 differenti parcheggi e aree di sosta, per un totale di oltre 9.000 posti auto, <strong>easy Parking \u00e8 il pi\u00f9 grande sistema di parcheggi in Europa<\/strong>, in grado di soddisfare le esigenze di ogni tipologia di passeggero in partenza dagli aeroporti romani.<\/p>\n\n\n\n<p>Con quasi 5 milioni di soste totali, tra passeggeri in partenza e accompagnatori, il 2023 ha fatto registrare numeri record per il sistema di parcheggi aeroportuale. Un anno caratterizzato anche da molteplici iniziative che hanno avuto l\u2019obiettivo di rendere sempre pi\u00f9 confortevole la permanenza di chi viaggia.<\/p>\n\n\n\n<p>Tra queste rientra sicuramente l\u2019apertura del nuovo <a href=\"https:\/\/www.adr.it\/parcheggio-e-move\"><strong>ADR e-move<\/strong><\/a><strong>. <\/strong>Situato al 1\u00b0 piano del parcheggio multipiano Terminal B, ADR e-move \u00e8 il primo e pi\u00f9 grande parcheggio in Italia <strong>riservato esclusivamente ai veicoli elettrici e ibridi plug-in<\/strong>, dispone di <strong>74 stalli totali<\/strong> e di <strong>37 colonnine da 22Kw<\/strong>, in grado di ricaricare un\u2019auto elettrica in 4-5 ore e una ibrida in 2 ore, tempistiche allineate alle abitudini di sosta dei clienti business che utilizzano i parcheggi multipiano fronte Terminal. <strong>Entro luglio 2024<\/strong>, inoltre, il parcheggio raddoppier\u00e0 la propria capacit\u00e0 arrivando <strong>complessivamente a 148 stalli e 74 colonnine da 22Kw<\/strong>. Il parcheggio \u00e8 dotato di ingressi e uscite dedicati e permette al cliente di parcheggiare la propria auto ed effettuare una ricarica elettrica completa.<\/p>\n\n\n\n<p>Per scoprire tutte le convenzioni offerte da easy Parking e dedicate al Business Travel, scrivi a <a href=\"mailto:easyparking@attitudeltd.com\">easyparking@attitudeltd.com<\/a><\/p>\n","protected":false},"excerpt":{"rendered":"<p>easy Parking \u00e8 il brand commerciale di ADR Mobility, la societ\u00e0 del gruppo ADR che si occupa dello sviluppo e della gestione dei servizi di mobilit\u00e0 negli aeroporti Leonardo da Vinci di Fiumicino e G.B. Pastine di Ciampino. Con 19 differenti parcheggi e aree di sosta, per un totale di oltre 9.000 posti auto, easy&hellip;<\/p>\n","protected":false},"author":1,"featured_media":7702,"parent":1521,"menu_order":4,"comment_status":"closed","ping_status":"closed","template":"template.sponsor.php","meta":{"ngg_post_thumbnail":0,"footnotes":""},"_links":{"self":[{"href":"https:\/\/missionfleetawards.it\/index.php\/wp-json\/wp\/v2\/pages\/7660"}],"collection":[{"href":"https:\/\/missionfleetawards.it\/index.php\/wp-json\/wp\/v2\/pages"}],"about":[{"href":"https:\/\/missionfleetawards.it\/index.php\/wp-json\/wp\/v2\/types\/page"}],"author":[{"embeddable":true,"href":"https:\/\/missionfleetawards.it\/index.php\/wp-json\/wp\/v2\/users\/1"}],"replies":[{"embeddable":true,"href":"https:\/\/missionfleetawards.it\/index.php\/wp-json\/wp\/v2\/comments?post=7660"}],"version-history":[{"count":2,"href":"https:\/\/missionfleetawards.it\/index.php\/wp-json\/wp\/v2\/pages\/7660\/revisions"}],"predecessor-version":[{"id":7811,"href":"https:\/\/missionfleetawards.it\/index.php\/wp-json\/wp\/v2\/pages\/7660\/revisions\/7811"}],"up":[{"embeddable":true,"href":"https:\/\/missionfleetawards.it\/index.php\/wp-json\/wp\/v2\/pages\/1521"}],"wp:featuredmedia":[{"embeddable":true,"href":"https:\/\/missionfleetawards.it\/index.php\/wp-json\/wp\/v2\/media\/7702"}],"wp:attachment":[{"href":"https:\/\/missionfleetawards.it\/index.php\/wp-json\/wp\/v2\/media?parent=7660"}],"curies":[{"name":"wp","href":"https:\/\/api.w.org\/{rel}","templated":true}]}}