{"id":7454,"date":"2024-05-09T15:35:57","date_gmt":"2024-05-09T13:35:57","guid":{"rendered":"https:\/\/missionfleetawards.it\/?page_id=7454"},"modified":"2024-05-20T16:07:47","modified_gmt":"2024-05-20T14:07:47","slug":"enrico-cavallotti","status":"publish","type":"page","link":"https:\/\/missionfleetawards.it\/index.php\/edizione-2024\/giuria-2024\/enrico-cavallotti\/","title":{"rendered":"Enrico Cavallotti | Controller e Fleet Manager | Iscar Italia Srl"},"content":{"rendered":"\n<p><\/p>\n\n\n\n<p>Enrico Cavallotti, controller presso Iscar Italia Srl multinazionale Israeliana leader nella produzione e nella commercializzazione di utensili per le lavorazione per asportazione truciolo dei metalli.<\/p>\n\n\n\n<p>Da sempre impiegato presso Multinazionali straniere, pu\u00f2 celebrare una lunga e consolidata esperienza nel mondo dell\u2019utensileria meccanica, dove ha iniziato a lavorare negli anni \u201890 prima nell\u2019area marketing per poi approdare al controllo di gestione.<\/p>\n\n\n\n<p>Laureato in economia e commercio all\u2019universit\u00e0 cattolica di Milano, attualmente \u00e8 in staff all\u2019ufficio amministrativo dove si occupa del controllo di gestione focalizzandosi principalmente di analisi dei costi, contabilit\u00e0 industriale e di magazzino.&nbsp;<\/p>\n\n\n\n<p>Da pi\u00f9 di 15 anni \u00e8 anche Fleet manager della stessa societ\u00e0 che conta un parco auto \u00e8 composto da circa 70 veicoli interamente a noleggio al lungo termine e pu\u00f2 vantare un punto di vista rappresentativo delle medie imprese con parchi auto \u201cpiccoli\u201d che dispongono di pochi mezzi.<\/p>\n\n\n\n<p>Nel 2023 \u00e8 stato vincitore, nella categoria Fleet Manager, del premio Mission Fleet Awards 2023 per il \u201cMiglior Progetto di supporto all\u2019Elettrificazione della flotta \u2026 \u201d, lavoro che evidenziava le fasi di supporto, i punti chiave e risultati in processo di transizione del parco auto tradizionale verso un parco auto \u00absostenibile\u00bb con ridotte emissioni.<\/p>\n","protected":false},"excerpt":{"rendered":"<p>Enrico Cavallotti, controller presso Iscar Italia Srl multinazionale Israeliana leader nella produzione e nella commercializzazione di utensili per le lavorazione per asportazione truciolo dei metalli. Da sempre impiegato presso Multinazionali straniere, pu\u00f2 celebrare una lunga e consolidata esperienza nel mondo dell\u2019utensileria meccanica, dove ha iniziato a lavorare negli anni \u201890 prima nell\u2019area marketing per poi&hellip;<\/p>\n","protected":false},"author":1,"featured_media":7455,"parent":147,"menu_order":4,"comment_status":"closed","ping_status":"closed","template":"template.juror.php","meta":{"ngg_post_thumbnail":0,"footnotes":""},"_links":{"self":[{"href":"https:\/\/missionfleetawards.it\/index.php\/wp-json\/wp\/v2\/pages\/7454"}],"collection":[{"href":"https:\/\/missionfleetawards.it\/index.php\/wp-json\/wp\/v2\/pages"}],"about":[{"href":"https:\/\/missionfleetawards.it\/index.php\/wp-json\/wp\/v2\/types\/page"}],"author":[{"embeddable":true,"href":"https:\/\/missionfleetawards.it\/index.php\/wp-json\/wp\/v2\/users\/1"}],"replies":[{"embeddable":true,"href":"https:\/\/missionfleetawards.it\/index.php\/wp-json\/wp\/v2\/comments?post=7454"}],"version-history":[{"count":2,"href":"https:\/\/missionfleetawards.it\/index.php\/wp-json\/wp\/v2\/pages\/7454\/revisions"}],"predecessor-version":[{"id":7462,"href":"https:\/\/missionfleetawards.it\/index.php\/wp-json\/wp\/v2\/pages\/7454\/revisions\/7462"}],"up":[{"embeddable":true,"href":"https:\/\/missionfleetawards.it\/index.php\/wp-json\/wp\/v2\/pages\/147"}],"wp:featuredmedia":[{"embeddable":true,"href":"https:\/\/missionfleetawards.it\/index.php\/wp-json\/wp\/v2\/media\/7455"}],"wp:attachment":[{"href":"https:\/\/missionfleetawards.it\/index.php\/wp-json\/wp\/v2\/media?parent=7454"}],"curies":[{"name":"wp","href":"https:\/\/api.w.org\/{rel}","templated":true}]}}