{"id":7389,"date":"2024-03-13T14:35:53","date_gmt":"2024-03-13T13:35:53","guid":{"rendered":"https:\/\/missionfleetawards.it\/?page_id=7389"},"modified":"2024-05-27T10:59:47","modified_gmt":"2024-05-27T08:59:47","slug":"autoshow-partner-byd","status":"publish","type":"page","link":"https:\/\/missionfleetawards.it\/index.php\/edizione-2024\/partner-2024\/autoshow-partner-byd\/","title":{"rendered":"Autoshow Partner &#8211; BYD"},"content":{"rendered":"\n<p><em><strong>BYD <\/strong>\u00e8 una multinazionale high-tech impegnata nell\u2019impiego delle innovazioni tecnologiche con l\u2019intento di migliorare la vita quotidiana. Fondata nel 1995 come produttore di batterie ricaricabili, BYD vanta ora un ambito commerciale diversificato che copre automobili, trasporto ferroviario, nuova energia ed elettronica, con oltre 30 parchi industriali in Cina, Stati Uniti, Canada, Giappone, Brasile, Ungheria e India. Dalla generazione e stoccaggio di energia alle sue applicazioni, BYD si impegna a fornire soluzioni energetiche a zero emissioni che riducano la dipendenza globale dai combustibili fossili. La sua nuova impronta di veicoli energetici ora copre 6 continenti, oltre 70 paesi e regioni e pi\u00f9 di 400 citt\u00e0. Quotata nelle borse di Hong Kong e Shenzhen, la societ\u00e0 \u00e8 nota per essere un&#8217;impresa Fortune Global 500 che fornisce innovazioni alla ricerca di un mondo pi\u00f9 verde.<\/em><\/p>\n\n\n\n<p><em>Fondata nel 2003, <strong>BYD Auto<\/strong> \u00e8 la filiale automobilistica di BYD, una multinazionale high-tech impegnata nell\u2019impiego delle innovazioni tecnologiche con l\u2019intento di migliorare la vita quotidiana. Con l&#8217;obiettivo di accelerare la transizione verde del settore dei trasporti globali, BYD Auto si concentra sullo sviluppo di veicoli elettrici puri e ibridi plug-in. L&#8217;azienda ha padroneggiato le tecnologie di base dell&#8217;intera catena industriale dei veicoli di nuova energia, come batterie, motori elettrici, controller elettronici e semiconduttori di livello automobilistico. Negli ultimi anni ha assistito a significativi progressi tecnologici, tra cui la Blade Battery, la tecnologia ibrida DM-i e DM-p, la e-Platform 3.0 e la tecnologia CTB. L&#8217;azienda \u00e8 la prima casa automobilistica al mondo a interrompere la produzione di veicoli alimentati a combustibili fossili durante il turno di veicoli elettrici ed \u00e8 rimasta al vertice delle vendite di veicoli passeggeri di nuova energia in Cina per 9 anni consecutivi.<\/em><\/p>\n","protected":false},"excerpt":{"rendered":"<p>BYD \u00e8 una multinazionale high-tech impegnata nell\u2019impiego delle innovazioni tecnologiche con l\u2019intento di migliorare la vita quotidiana. Fondata nel 1995 come produttore di batterie ricaricabili, BYD vanta ora un ambito commerciale diversificato che copre automobili, trasporto ferroviario, nuova energia ed elettronica, con oltre 30 parchi industriali in Cina, Stati Uniti, Canada, Giappone, Brasile, Ungheria e&hellip;<\/p>\n","protected":false},"author":1,"featured_media":7390,"parent":1521,"menu_order":3,"comment_status":"closed","ping_status":"closed","template":"template.sponsor.php","meta":{"ngg_post_thumbnail":0,"footnotes":""},"_links":{"self":[{"href":"https:\/\/missionfleetawards.it\/index.php\/wp-json\/wp\/v2\/pages\/7389"}],"collection":[{"href":"https:\/\/missionfleetawards.it\/index.php\/wp-json\/wp\/v2\/pages"}],"about":[{"href":"https:\/\/missionfleetawards.it\/index.php\/wp-json\/wp\/v2\/types\/page"}],"author":[{"embeddable":true,"href":"https:\/\/missionfleetawards.it\/index.php\/wp-json\/wp\/v2\/users\/1"}],"replies":[{"embeddable":true,"href":"https:\/\/missionfleetawards.it\/index.php\/wp-json\/wp\/v2\/comments?post=7389"}],"version-history":[{"count":2,"href":"https:\/\/missionfleetawards.it\/index.php\/wp-json\/wp\/v2\/pages\/7389\/revisions"}],"predecessor-version":[{"id":7659,"href":"https:\/\/missionfleetawards.it\/index.php\/wp-json\/wp\/v2\/pages\/7389\/revisions\/7659"}],"up":[{"embeddable":true,"href":"https:\/\/missionfleetawards.it\/index.php\/wp-json\/wp\/v2\/pages\/1521"}],"wp:featuredmedia":[{"embeddable":true,"href":"https:\/\/missionfleetawards.it\/index.php\/wp-json\/wp\/v2\/media\/7390"}],"wp:attachment":[{"href":"https:\/\/missionfleetawards.it\/index.php\/wp-json\/wp\/v2\/media?parent=7389"}],"curies":[{"name":"wp","href":"https:\/\/api.w.org\/{rel}","templated":true}]}}