{"id":6622,"date":"2023-05-09T09:37:42","date_gmt":"2023-05-09T07:37:42","guid":{"rendered":"https:\/\/missionfleetawards.it\/?page_id=6622"},"modified":"2023-05-11T10:21:48","modified_gmt":"2023-05-11T08:21:48","slug":"tommaso-cerliani-fleet-manager-a2a","status":"publish","type":"page","link":"https:\/\/missionfleetawards.it\/index.php\/edizione-2023\/giuria-2023\/tommaso-cerliani-fleet-manager-a2a\/","title":{"rendered":"Tommaso Cerliani | Fleet Manager | A2A"},"content":{"rendered":"\n<p>Responsabile del coordinamento di un Team di persone e della gestione di c.a 3.000 veicoli per tutte le societ\u00e0 del gruppo A2A.<\/p>\n\n\n\n<p>Nella gestione della flotta aziendale una delle mie principali responsabilit\u00e0 \u00e8 il processo di transizione verso la mobilit\u00e0 sostenibile ed integrata.<\/p>\n","protected":false},"excerpt":{"rendered":"<p>Responsabile del coordinamento di un Team di persone e della gestione di c.a 3.000 veicoli per tutte le societ\u00e0 del gruppo A2A. Nella gestione della flotta aziendale una delle mie principali responsabilit\u00e0 \u00e8 il processo di transizione verso la mobilit\u00e0 sostenibile ed integrata.&hellip;<\/p>\n","protected":false},"author":1,"featured_media":6624,"parent":5878,"menu_order":2,"comment_status":"closed","ping_status":"closed","template":"template.juror.php","meta":{"ngg_post_thumbnail":0,"footnotes":""},"_links":{"self":[{"href":"https:\/\/missionfleetawards.it\/index.php\/wp-json\/wp\/v2\/pages\/6622"}],"collection":[{"href":"https:\/\/missionfleetawards.it\/index.php\/wp-json\/wp\/v2\/pages"}],"about":[{"href":"https:\/\/missionfleetawards.it\/index.php\/wp-json\/wp\/v2\/types\/page"}],"author":[{"embeddable":true,"href":"https:\/\/missionfleetawards.it\/index.php\/wp-json\/wp\/v2\/users\/1"}],"replies":[{"embeddable":true,"href":"https:\/\/missionfleetawards.it\/index.php\/wp-json\/wp\/v2\/comments?post=6622"}],"version-history":[{"count":1,"href":"https:\/\/missionfleetawards.it\/index.php\/wp-json\/wp\/v2\/pages\/6622\/revisions"}],"predecessor-version":[{"id":6623,"href":"https:\/\/missionfleetawards.it\/index.php\/wp-json\/wp\/v2\/pages\/6622\/revisions\/6623"}],"up":[{"embeddable":true,"href":"https:\/\/missionfleetawards.it\/index.php\/wp-json\/wp\/v2\/pages\/5878"}],"wp:featuredmedia":[{"embeddable":true,"href":"https:\/\/missionfleetawards.it\/index.php\/wp-json\/wp\/v2\/media\/6624"}],"wp:attachment":[{"href":"https:\/\/missionfleetawards.it\/index.php\/wp-json\/wp\/v2\/media?parent=6622"}],"curies":[{"name":"wp","href":"https:\/\/api.w.org\/{rel}","templated":true}]}}