{"id":6509,"date":"2023-04-27T12:20:40","date_gmt":"2023-04-27T10:20:40","guid":{"rendered":"https:\/\/missionfleetawards.it\/?page_id=6509"},"modified":"2023-05-09T09:42:40","modified_gmt":"2023-05-09T07:42:40","slug":"ricciardo-muradore-fleet-facility-services-manager-beiersdorf","status":"publish","type":"page","link":"https:\/\/missionfleetawards.it\/index.php\/edizione-2023\/giuria-2023\/ricciardo-muradore-fleet-facility-services-manager-beiersdorf\/","title":{"rendered":"Ricciardo Muradore | Fleet &#038; Facility Services Manager | Beiersdorf"},"content":{"rendered":"\n<p>Nato a Milano nel 1967, Ricciardo Muradore ha cominciato la sua attivit\u00e0 professionale<br>nel Gruppo E.N.I., ricoprendo vari incarichi nei servizi generali, acquisendo competenze<br>nel settore degli acquisti; successivamente ha ricoperto il ruolo di assistente di direzione<br>in PRADA.<br>Dal 2004, Fleet &amp; Facility Services Manager di BEIERSDORF S.p.A. Azienda cosmetica<br>Multinazionale che racchiude alcuni marchi conosciuti come Nivea, Labello, Eucerin.<br>Tra i suoi compiti la responsabilit\u00e0 di sviluppare e gestire i contratti di appalto dei servizi,<br>(valutazione dei fornitori, manutenzione della sede e monitoraggio della soddisfazione<br>del cliente interno). Tra le sue mansioni spiccano la negoziazione e gestione dei<br>contratti indiretti, meeting ed eventi con la scelta delle location, nonch\u00e9 gestione del<br>parco auto aziendale con circa 150 auto, creazione della car list e della policy di<br>gestione con tutte le utilities del caso (telepass, fuel card. ecc.).<br>Dal 2017 prende la responsabilit\u00e0 di R.S.P.P.- HSE Manager<br>Dal 2020 diventa Mobility Manager, con la responsabilit\u00e0 di creare ogni anno il piano di<br>Mobilit\u00e0 casa\/lavoro per i colleghi.<\/p>\n","protected":false},"excerpt":{"rendered":"<p>Nato a Milano nel 1967, Ricciardo Muradore ha cominciato la sua attivit\u00e0 professionalenel Gruppo E.N.I., ricoprendo vari incarichi nei servizi generali, acquisendo competenzenel settore degli acquisti; successivamente ha ricoperto il ruolo di assistente di direzionein PRADA.Dal 2004, Fleet &amp; Facility Services Manager di BEIERSDORF S.p.A. Azienda cosmeticaMultinazionale che racchiude alcuni marchi conosciuti come Nivea, Labello,&hellip;<\/p>\n","protected":false},"author":1,"featured_media":6510,"parent":5878,"menu_order":8,"comment_status":"closed","ping_status":"closed","template":"template.juror.php","meta":{"ngg_post_thumbnail":0,"footnotes":""},"_links":{"self":[{"href":"https:\/\/missionfleetawards.it\/index.php\/wp-json\/wp\/v2\/pages\/6509"}],"collection":[{"href":"https:\/\/missionfleetawards.it\/index.php\/wp-json\/wp\/v2\/pages"}],"about":[{"href":"https:\/\/missionfleetawards.it\/index.php\/wp-json\/wp\/v2\/types\/page"}],"author":[{"embeddable":true,"href":"https:\/\/missionfleetawards.it\/index.php\/wp-json\/wp\/v2\/users\/1"}],"replies":[{"embeddable":true,"href":"https:\/\/missionfleetawards.it\/index.php\/wp-json\/wp\/v2\/comments?post=6509"}],"version-history":[{"count":1,"href":"https:\/\/missionfleetawards.it\/index.php\/wp-json\/wp\/v2\/pages\/6509\/revisions"}],"predecessor-version":[{"id":6511,"href":"https:\/\/missionfleetawards.it\/index.php\/wp-json\/wp\/v2\/pages\/6509\/revisions\/6511"}],"up":[{"embeddable":true,"href":"https:\/\/missionfleetawards.it\/index.php\/wp-json\/wp\/v2\/pages\/5878"}],"wp:featuredmedia":[{"embeddable":true,"href":"https:\/\/missionfleetawards.it\/index.php\/wp-json\/wp\/v2\/media\/6510"}],"wp:attachment":[{"href":"https:\/\/missionfleetawards.it\/index.php\/wp-json\/wp\/v2\/media?parent=6509"}],"curies":[{"name":"wp","href":"https:\/\/api.w.org\/{rel}","templated":true}]}}