{"id":6494,"date":"2023-04-27T11:03:25","date_gmt":"2023-04-27T09:03:25","guid":{"rendered":"https:\/\/missionfleetawards.it\/?page_id=6494"},"modified":"2023-05-09T09:39:21","modified_gmt":"2023-05-09T07:39:21","slug":"laura-campodonico-travel-fleet-mobility-manager-emea-erg-group","status":"publish","type":"page","link":"https:\/\/missionfleetawards.it\/index.php\/edizione-2023\/giuria-2023\/laura-campodonico-travel-fleet-mobility-manager-emea-erg-group\/","title":{"rendered":"Laura Campodonico | Travel Fleet &#038; Mobility Manager EMEA | ERG Group"},"content":{"rendered":"\n<p>Quando la passione per la mobilit\u00e0 diventa una professione a 360 gradi. Dalla gestione del Business Travel EMEA a quella della Flotta, come Focal point per tutto il Gruppo. Creazione di&nbsp; accordi internazionali hanno permesso di ottenere una gestione sempre pi\u00f9 internazionale del parco auto, con una identit\u00e0 di massima dei&nbsp; modelli e con la creazione di una car list&nbsp; green in Europa sempre pi\u00f9 green<\/p>\n","protected":false},"excerpt":{"rendered":"<p>Quando la passione per la mobilit\u00e0 diventa una professione a 360 gradi. Dalla gestione del Business Travel EMEA a quella della Flotta, come Focal point per tutto il Gruppo. Creazione di&nbsp; accordi internazionali hanno permesso di ottenere una gestione sempre pi\u00f9 internazionale del parco auto, con una identit\u00e0 di massima dei&nbsp; modelli e con la&hellip;<\/p>\n","protected":false},"author":1,"featured_media":6495,"parent":5878,"menu_order":2,"comment_status":"closed","ping_status":"closed","template":"template.juror.php","meta":{"ngg_post_thumbnail":0,"footnotes":""},"_links":{"self":[{"href":"https:\/\/missionfleetawards.it\/index.php\/wp-json\/wp\/v2\/pages\/6494"}],"collection":[{"href":"https:\/\/missionfleetawards.it\/index.php\/wp-json\/wp\/v2\/pages"}],"about":[{"href":"https:\/\/missionfleetawards.it\/index.php\/wp-json\/wp\/v2\/types\/page"}],"author":[{"embeddable":true,"href":"https:\/\/missionfleetawards.it\/index.php\/wp-json\/wp\/v2\/users\/1"}],"replies":[{"embeddable":true,"href":"https:\/\/missionfleetawards.it\/index.php\/wp-json\/wp\/v2\/comments?post=6494"}],"version-history":[{"count":4,"href":"https:\/\/missionfleetawards.it\/index.php\/wp-json\/wp\/v2\/pages\/6494\/revisions"}],"predecessor-version":[{"id":6625,"href":"https:\/\/missionfleetawards.it\/index.php\/wp-json\/wp\/v2\/pages\/6494\/revisions\/6625"}],"up":[{"embeddable":true,"href":"https:\/\/missionfleetawards.it\/index.php\/wp-json\/wp\/v2\/pages\/5878"}],"wp:featuredmedia":[{"embeddable":true,"href":"https:\/\/missionfleetawards.it\/index.php\/wp-json\/wp\/v2\/media\/6495"}],"wp:attachment":[{"href":"https:\/\/missionfleetawards.it\/index.php\/wp-json\/wp\/v2\/media?parent=6494"}],"curies":[{"name":"wp","href":"https:\/\/api.w.org\/{rel}","templated":true}]}}