{"id":5822,"date":"2022-05-03T09:26:45","date_gmt":"2022-05-03T07:26:45","guid":{"rendered":"https:\/\/missionfleetawards.it\/?page_id=5822"},"modified":"2022-05-03T09:26:47","modified_gmt":"2022-05-03T07:26:47","slug":"partner-2021","status":"publish","type":"page","link":"https:\/\/missionfleetawards.it\/index.php\/partner-2021\/","title":{"rendered":"Partner 2021"},"content":{"rendered":"\n<h1 class=\"wp-block-heading\">Partner<\/h1>\n\n\n\n<figure class=\"wp-block-image\"><img decoding=\"async\" src=\"https:\/\/missionfleetawards.it\/wp-content\/uploads\/2016\/09\/Q8-logotipo.png\" alt=\"Q8\"\/><\/figure>\n\n\n\n<h3 class=\"wp-block-heading\"><a href=\"https:\/\/missionfleetawards.it\/index.php\/sponsor\/q8\/\">Main Partner \u2013 Kuwait Petroleum Italia S.p.A.<\/a><\/h3>\n\n\n\n<p><em>Conosciuta con il marchio&nbsp;<strong>Q8,&nbsp;<\/strong>, societ\u00e0 di raffinazione e distribuzione di prodotti petroliferi, \u00e8 l\u2019affiliata pi\u00f9 importante di Kuwait Petroleum International. Entrata nel mercato italiano nel 1984 rilevando la Rete di vendita Gulf, nel 1986 lancia il suo innovativo e originale marchio Q8. Da allora \u00e8 cresciuta rapidamente attraverso una strategia di acquisizioni.<\/em><\/p>\n\n\n\n<p><em>Le attivit\u00e0 di Kuwait Petroleum Italia S.p.A. sono rivolte al mercato della rete di distribuzione carburanti con circa 3.000 stazioni di rifornimento e, attraverso altre societ\u00e0 del Gruppo, a quello delle vendite dirette, dei lubrificanti e carburanti per la marina e per l\u2019aviazione.<\/em>Linkedin:<a href=\"https:\/\/www.linkedin.com\/company\/q8-kuwait-petroleum-italia-s.p.a.\/\" target=\"_blank\" rel=\"noreferrer noopener\">@Q8 Kuwait Petroleum Italia S.p.A.<\/a>Website:<a href=\"https:\/\/www.q8.it\/\" target=\"_blank\" rel=\"noreferrer noopener\">www.q8.it<\/a><\/p>\n\n\n\n<hr class=\"wp-block-separator\"\/>\n\n\n\n<figure class=\"wp-block-image\"><img decoding=\"async\" src=\"https:\/\/missionfleetawards.it\/wp-content\/uploads\/2021\/06\/Lexus_experience_amazing.jpg\" alt=\"Lexus experience amazing\"\/><\/figure>\n\n\n\n<h3 class=\"wp-block-heading\"><a href=\"https:\/\/missionfleetawards.it\/index.php\/sponsor\/main-partner-lexus\/\">Main Partner \u2014 Lexus Italia<\/a><\/h3>\n\n\n\n<p><em>Lexus, brand premium del gruppo Toyota dal 1989, si \u00e8 imposto all\u2019attenzione del mondo grazie al&nbsp;design distintivo&nbsp;delle sue auto, all\u2019innovazione&nbsp;garantita dalla tecnologia&nbsp;Full Hybrid Electric,&nbsp;alla&nbsp;sicurezza&nbsp;offerta di serie con il&nbsp;Lexus Safety System +, e alla&nbsp;qualit\u00e0 superiore e affidabilit\u00e0&nbsp;assicurata dall\u2019artigianalit\u00e0 dei&nbsp;maestri Takumi. A questi elementi si unisce l\u2019Omotenashi:&nbsp;il concetto giapponese di ospitalit\u00e0, che descrive anche la capacit\u00e0 di anticipare i bisogni dei propri clienti, ancora prima che si manifestino.&nbsp;Attualmente detiene la&nbsp;leadership globale nella vendita di vetture ibride elettriche&nbsp;nel&nbsp;mercato Premium,&nbsp;con oltre 1,7 milioni di unit\u00e0 .<\/em>Linkedin:<a href=\"https:\/\/www.linkedin.com\/company\/lexus-italia\/\" target=\"_blank\" rel=\"noreferrer noopener\">@Lexus Italia<\/a>Website:<a href=\"https:\/\/www.lexus.it\/\" target=\"_blank\" rel=\"noreferrer noopener\">www.lexus.it<\/a><\/p>\n\n\n\n<hr class=\"wp-block-separator\"\/>\n\n\n\n<figure class=\"wp-block-image\"><img decoding=\"async\" src=\"https:\/\/missionfleetawards.it\/wp-content\/uploads\/2021\/05\/U_Rental_colori_rgb-1.png\" alt=\"\"\/><\/figure>\n\n\n\n<hr class=\"wp-block-separator\"\/>\n\n\n\n<h3 class=\"wp-block-heading\"><a href=\"https:\/\/missionfleetawards.it\/index.php\/sponsor\/5192-2\/\">Silver Partner \u2013 UnipolRental<\/a><\/h3>\n\n\n\n<p><em>Attiva dal 1994 con il nome di Car Server, il 1\u00b0 agosto 2019 entra a far parte del Gruppo Unipol quando UnipolSai ne acquisisce il 100% delle quote. Prima azienda del settore del noleggio a lungo termine a capitale interamente italiano, UnipolRental ad oggi vanta oltre 220 dipendenti, una flotta di pi\u00f9 di 50.000 veicoli ed oltre 10.000 clienti tra grandi e medie aziende, PMI, Pubbliche Amministrazioni, privati e liberi professionisti.<\/em><\/p>\n\n\n\n<p><em>UnipolRental, da sempre attenta alla vicinanza con le persone e con il territorio, mette a servizio dei propri clienti 8.500 centri assistenza convenzionati, 23 filiali a conduzione diretta su tutto il territorio nazionale alle quali si aggiungono, grazie alla sinergia creatasi con il Gruppo Unipol e il suo Ecosistema Mobility pi\u00f9 di 4.000 officine Auto Presto&amp;Bene, 200 punti My Glass e oltre 300 operatori per assistenza 24\/7. Sono poi oltre 2.500 le agenzie UnipolSai dove \u00e8 possibile stipulare un contratto di noleggio.<\/em>Linkedin:<a href=\"https:\/\/www.linkedin.com\/company\/unipolrental-s-p-a\/\" target=\"_blank\" rel=\"noreferrer noopener\">@AUTO1 Group<\/a>Website:<a href=\"https:\/\/www.unipolrental.it\/\" target=\"_blank\" rel=\"noreferrer noopener\">www.unipolrental.it\/<\/a><\/p>\n\n\n\n<hr class=\"wp-block-separator\"\/>\n\n\n\n<figure class=\"wp-block-image\"><img decoding=\"async\" src=\"https:\/\/missionfleetawards.it\/wp-content\/uploads\/2021\/10\/AUTO1COM_Logo_RGB.png\" alt=\"\"\/><\/figure>\n\n\n\n<h3 class=\"wp-block-heading\"><a href=\"https:\/\/missionfleetawards.it\/index.php\/sponsor\/auto1-com\/\">Auto1.com<\/a><\/h3>\n\n\n\n<p>AUTO1.com \u00e8 il marketplace B2B online leader in Europa dedicato esclusivamente al commercio di auto usate. Pi\u00f9 di 60.000 partner professionali utilizzano gi\u00e0 AUTO1.com in pi\u00f9 di 30 Paesi europei per acquistare e vendere auto usate in modo efficiente. I venditori possono contare su uno stock di pi\u00f9 di 30.000 auto usate e periziate in continuo aggiornamento e hanno la possibilit\u00e0 di vendere i veicoli a una rete di concessionari tramite AUTO1.com Remarketing. Tutti i servizi sono disponibili ai partner di AUTO1.com 24 ore su 24, 7 giorni su 7, a prezzi competitivi sul mercato, senza costi non dichiarati, commissioni di intermediazione, n\u00e9 soglie di acquisto minimo.<\/p>\n\n\n\n<p>AUTO1.com fa parte di AUTO1 Group, la piattaforma automotive digitale leader in Europa per comprare e vendere auto usate online. AUTO1 Group ha sede a Berlino, \u00e8 attiva in oltre 30 Paesi e nel 2020 ha ottenuto un fatturato di 2,83 miliardi di euro.Linkedin:<a rel=\"noreferrer noopener\" href=\"https:\/\/www.linkedin.com\/company\/auto1-group\/\" target=\"_blank\">@Auto1 Group<\/a>Website:<a rel=\"noreferrer noopener\" href=\"https:\/\/www.auto1.com\/it\" target=\"_blank\">www.auto1.com\/<\/a><\/p>\n","protected":false},"excerpt":{"rendered":"<p>Partner Main Partner \u2013 Kuwait Petroleum Italia S.p.A. Conosciuta con il marchio&nbsp;Q8,&nbsp;, societ\u00e0 di raffinazione e distribuzione di prodotti petroliferi, \u00e8 l\u2019affiliata pi\u00f9 importante di Kuwait Petroleum International. Entrata nel mercato italiano nel 1984 rilevando la Rete di vendita Gulf, nel 1986 lancia il suo innovativo e originale marchio Q8. Da allora \u00e8 cresciuta rapidamente&hellip;<\/p>\n","protected":false},"author":1,"featured_media":0,"parent":0,"menu_order":0,"comment_status":"closed","ping_status":"closed","template":"","meta":{"ngg_post_thumbnail":0,"footnotes":""},"_links":{"self":[{"href":"https:\/\/missionfleetawards.it\/index.php\/wp-json\/wp\/v2\/pages\/5822"}],"collection":[{"href":"https:\/\/missionfleetawards.it\/index.php\/wp-json\/wp\/v2\/pages"}],"about":[{"href":"https:\/\/missionfleetawards.it\/index.php\/wp-json\/wp\/v2\/types\/page"}],"author":[{"embeddable":true,"href":"https:\/\/missionfleetawards.it\/index.php\/wp-json\/wp\/v2\/users\/1"}],"replies":[{"embeddable":true,"href":"https:\/\/missionfleetawards.it\/index.php\/wp-json\/wp\/v2\/comments?post=5822"}],"version-history":[{"count":1,"href":"https:\/\/missionfleetawards.it\/index.php\/wp-json\/wp\/v2\/pages\/5822\/revisions"}],"predecessor-version":[{"id":5823,"href":"https:\/\/missionfleetawards.it\/index.php\/wp-json\/wp\/v2\/pages\/5822\/revisions\/5823"}],"wp:attachment":[{"href":"https:\/\/missionfleetawards.it\/index.php\/wp-json\/wp\/v2\/media?parent=5822"}],"curies":[{"name":"wp","href":"https:\/\/api.w.org\/{rel}","templated":true}]}}