{"id":5773,"date":"2021-12-14T09:24:14","date_gmt":"2021-12-14T08:24:14","guid":{"rendered":"https:\/\/missionfleetawards.it\/?page_id=5773"},"modified":"2022-05-03T10:06:15","modified_gmt":"2022-05-03T08:06:15","slug":"dicono-di-noi","status":"publish","type":"page","link":"https:\/\/missionfleetawards.it\/index.php\/frontpage\/dicono-di-noi\/","title":{"rendered":"Dicono di noi"},"content":{"rendered":"\n<p class=\"has-text-align-center\"><em>\u201cLa ringrazio per l\u2019opportunit\u00e0 e per l\u2019esperienza, poi vincere il premio \u00e8 stato davvero la classica ciliegina! Condividere la propria esperienza con colleghi di altre realt\u00e0 che quotidianamente affrontano le stesse sfide, \u00e8 sempre molto costruttivo.&nbsp;&nbsp;&nbsp; Complimenti per l\u2019organizzazione della serata, molto coinvolgente, divertente e di grande qualit\u00e0. Ospitalit\u00e0 e cortesia di tutti veramente impeccabile, dall\u2019accredito, guardaroba, fotografo, camerieri, fino alla cena davvero ottima. La Band inoltre veramente molto molto bravi.\u201d&nbsp;&nbsp;&nbsp;<\/em><\/p>\n\n\n\n<p class=\"has-text-align-center\"><strong>Giorgio La Boccetta \u2013 Regional Strategic Buyer, HILTI Italia<\/strong><\/p>\n\n\n\n<p class=\"has-text-align-center\"><em>\u201cGrazie per l\u2019opportunit\u00e0, MFA rimane sempre un evento unico nel suo genere. Organizzazione impeccabile, location originale e fuori dai soliti schemi.\u201d<\/em><\/p>\n\n\n\n<p class=\"has-text-align-center\"><strong>Christian Marcello \u2013 Mobility Manager, OCME<\/strong><\/p>\n\n\n\n<p class=\"has-text-align-center\"><em>\u201cTi ringrazio confermandovi che la serata \u00e8 stata molto divertente ed interessante. Non ho nulla (di negativo) da segnalare in quanto l\u2019accoglienza, l\u2019acustica ed il men\u00f9 mi sono sembrati all\u2019altezza delle aspettative (consolidate nel tempo).\u201d<\/em><\/p>\n\n\n\n<p class=\"has-text-align-center\"><strong>Alessandro Benoldi \u2013 Fleet Manager, CEDACRI<\/strong><\/p>\n\n\n\n<p class=\"has-text-align-center\"><em>\u201cNon posso che ringraziare per questa bellissima serata organizzata davvero molto bene sotto tutti i punti di vista! Location perfetta con un\u2019atmosfera incredibile e intrattenimento musicale davvero gradevole con una band eccezionale.&nbsp;\u00c8 stata un\u2019ottima occasione di networking molto utile per un confronto continuo con i colleghi delle altre aziende e con i fornitori.&nbsp;Eventi come questo contribuiscono ulteriormente ad apprezzare una volta di pi\u00f9 una professione, quella del fleet manager, che permette davvero di avere tante soddisfazioni coniugando la passione per le auto con la possibilit\u00e0 di avere una fitta rete di relazioni con persone molto preparate e professionali.<\/em> <em>Mi auguro di poter partecipare presto ad altri vostri eventi.\u201d<\/em><\/p>\n\n\n\n<p class=\"has-text-align-center\"><strong>Dario Ostino \u2013 Fleet Manager, EDISON<\/strong><\/p>\n\n\n\n<p class=\"has-text-align-center\"><em>\u201cSiamo noi a ringraziarvi per l&#8217;opportunit\u00e0 e l&#8217;ospitalit\u00e0.&nbsp;<\/em> <em>Colgo l&#8217;occasione per complimentarmi per l&#8217;ottima organizzazione e la professionalit\u00e0 dimostrata in tutte la gestione di candidature e valutazioni.\u201d<\/em><\/p>\n\n\n\n<p class=\"has-text-align-center\"><strong>Fulvia Del Vecchio \u2013 Fleet Manager, ENEL<\/strong><\/p>\n\n\n\n<p class=\"has-text-align-center\"><em>\u201cDesideravo innanzitutto ringraziare lei e tutto lo staff per la bellissima serata trascorsa. Ho avuto modo di incontrare nuovamente in presenza Fleet Manager, rappresentanti di case costruttrici, ma ho anche avuto il piacere di conoscere nuovi fornitori di automotive.<\/em> <em>Un complimento per la scelta della location, l\u2019intrattenimento musicale e per il men\u00f9.<\/em> <em>Spero di partecipare alla prossima edizione e di poter presenziare all\u2019evento.\u201d<\/em><\/p>\n\n\n\n<p class=\"has-text-align-center\"><strong>Alberto Bozzolini \u2013 EHS Specialist, JANSEEN-CILAG<\/strong><\/p>\n\n\n\n<p class=\"has-text-align-center\"><em>\u201cBellissima serata, complimenti per l&#8217;organizzazione precisa, curata e professionale.<\/em><\/p>\n\n\n\n<p class=\"has-text-align-center\"><em>Personalmente \u00e8 stata una serata per incontrare nuovi possibili partner con cui stringere importanti collaborazioni, spunti e soluzioni.\u201d<\/em><\/p>\n\n\n\n<p class=\"has-text-align-center\"><strong>Fabio Abbate \u2013 Fleet Manager, RETELIT<\/strong><\/p>\n\n\n\n<p class=\"has-text-align-center\"><em>\u201c\u00c8 stato per me un onore ed un piacere aver partecipato al vostro esclusivo evento.<\/em> <em>L\u2019organizzazione, la location, gli invitati, la presentazione dei progetti, tutto \u00e8 stato gestito nei minimi particolari con una grande professionalit\u00e0 e cortesia. Spero di poter partecipare nuovamente il prossimo anno.\u201d<\/em><\/p>\n\n\n\n<p class=\"has-text-align-center\"><strong>Laura Clemente \u2013 Fleet Manager, ALTHEA<\/strong><\/p>\n\n\n\n<p class=\"has-text-align-center\"><em>\u201cComplimenti, bella serata, organizzata molto bene.\u201d<\/em><\/p>\n\n\n\n<p class=\"has-text-align-center\"><strong>Luca Montoschi \u2013 Partner Heod of Affari societari, PROMETEIA<\/strong><\/p>\n\n\n\n<p class=\"has-text-align-center\"><em>\u201cIntanto complimenti per la serata devo dire STRABILIANTE. Luogo perfetto, musica perfetta, atmosfera perfetta!!!\u201d<\/em><\/p>\n\n\n\n<p class=\"has-text-align-center\"><strong>Daniele Conti \u2013 Innovation Hub &amp; Purchasing Manager, DPV<\/strong><\/p>\n\n\n\n<p class=\"has-text-align-center\"><em>\u201cDesidero complimentarmi con voi per l\u2019eccellente organizzazione. Grazie mille ancora.\u201d<\/em><\/p>\n\n\n\n<p class=\"has-text-align-center\"><strong>Sara Marchetti \u2013 Procurement, Facilities &amp; Fleet Manager, LINDE MATERIAL HANDLING ITALIA<\/strong><\/p>\n\n\n\n<p class=\"has-text-align-center\"><em>\u201cVolevo ringraziare il team eventi per la splendida serata di ieri. Molto bella la location, la disposizione dei tavoli con l\u2019ottimo catering, e soprattutto la band (che non ricordo il nome), veramente bravissimi e musica stupenda!\u201d<\/em><\/p>\n\n\n\n<p class=\"has-text-align-center\"><strong>Annapaola Grea \u2013 Fleet Manager, BOSTON CONSULTING&nbsp;<\/strong><\/p>\n\n\n\n<p class=\"has-text-align-center\"><em>\u201cUn evento in continua affermazione nel mondo del Fleet Management, alla sua sesta edizione ed in una location unica ci ha coinvolto ed emozionato quando ci \u00e8 stato riconosciuto il premio per il miglior software per la transizione energetica.\u201d<\/em><\/p>\n\n\n\n<p class=\"has-text-align-center\"><strong>Simone Costantini \u2013 CEO, Fleet Support<\/strong><em><\/em><\/p>\n\n\n\n<p class=\"has-text-align-center\"><em>\u201cCi complimentiamo dell\u2019organizzazione e della alta qualit\u00e0 generale dell\u2019evento. Siamo onorati di essere stati partecipi del vostro successo. Il premio \u00e8 stata la ciliegina sulla torta della serata. Contenuti, location, organizzazione e scenografia eccellenti!\u201d<\/em><\/p>\n\n\n\n<p class=\"has-text-align-center\"><strong>Simone Guidi \u2013 General Manager, CSM360<\/strong><\/p>\n\n\n\n<p class=\"has-text-align-center\"><em>\u201cVorrei innanzitutto farvi i complimenti per l\u2019evento di ieri, l\u2019ho trovato davvero ben organizzato e molto utile per noi a livello di visibilit\u00e0.\u201d<\/em><\/p>\n\n\n\n<p class=\"has-text-align-center\"><strong>Edwin Leune \u2013 Business Development, Y.SHARE<\/strong><\/p>\n\n\n\n<p class=\"has-text-align-center\"><em>\u201cGrazie mille per tutto! Serata fantastica, bellissima location e bellissimo il format con la rock band! Vi siete veramente superati, complimenti!<\/em><\/p>\n\n\n\n<p class=\"has-text-align-center\"><em>Anche tutti i nostri colleghi e invitati hanno molto apprezzato!\u201d<\/em><\/p>\n\n\n\n<p class=\"has-text-align-center\"><strong>Enrico Della Torre \u2013 Marketing Manager, MASTERNAUT<\/strong><\/p>\n\n\n\n<p class=\"has-text-align-center\"><em>\u201cGrazie ancora dell\u2019opportunit\u00e0 e della piacevole serata.\u201d<\/em><\/p>\n\n\n\n<p class=\"has-text-align-center\"><strong>Roberto Moneda \u2013 Head of Telemobility Business Unit, TEXA<\/strong><\/p>\n\n\n\n<p class=\"has-text-align-center\"><em>\u201cConfermo quanto detto a voce durante la serata: si \u00e8 trattato di un evento molto piacevole e ben organizzato. \u00c8 stata anche una buona occasione di networking, quindi in linea con lo scopo che ci eravamo preposti.\u201d<\/em><\/p>\n\n\n\n<p class=\"has-text-align-center\"><strong>Daniele Di Perna \u2013 Sales Director, SIXT<\/strong><\/p>\n\n\n\n<p class=\"has-text-align-center\"><em>\u201cHo riscontrato un\u2019organizzazione molto curata, quindi la partecipazione all\u2019evento \u00e8 stata piacevole. E\u2019 stata comunque una buona occasione per incontrare nuovamente anche alcuni clienti in presenza.<\/em> <em>Esprimo inoltre la mia soddisfazione per l\u2019apprezzamento dimostrato nei confronti della nostra proposta elettrica con l\u2019assegnazione del premio.\u201d<\/em><\/p>\n\n\n\n<p class=\"has-text-align-center\"><strong>Alberto Valentini \u2013 Responsabile Flotte, VOLKSWAGEN ITALIA<\/strong><\/p>\n\n\n\n<p class=\"has-text-align-center\"><em>\u201cSIF\u00c0 ha rinnovato con soddisfazione, per il terzo anno consecutivo, la sua presenza a Mission Fleet Awards, evento e punto d\u2019incontro consolidato per il mondo delle flotte aziendali.<\/em> <em>Anche nell\u2019edizione 2021, SIF\u00c0 ha apprezzato tutti gli interlocutori coinvolti, che hanno dato un contributo di grande valore e spunti stimolanti legati alle evoluzioni del mondo della mobilit\u00e0.<\/em> <em>Consideriamo MFA un\u2019importante opportunit\u00e0 per conoscere e condividere nuove idee e progetti di mobilit\u00e0, per consolidare e sviluppare le relazioni con i nostri clienti, oltre che un piacevole momento di ritrovo e convivialit\u00e0\u201d.<\/em><\/p>\n\n\n\n<p class=\"has-text-align-center\"><strong>Sabino Fort \u2013 Direttore commerciale, SIF\u00c0<\/strong><\/p>\n\n\n\n<p class=\"has-text-align-center\"><em>\u201c\u00c8 stato davvero un piacere prendere parte alla serata di gala. Un evento organizzato davvero bene, all\u2019interno di una cornice rinomata come quella dell\u2019Alcatraz, arricchito da interventi interessanti e, soprattutto, tante novit\u00e0 utili per operatori del settore e non solo. Complimenti!\u201d<\/em><\/p>\n\n\n\n<p class=\"has-text-align-center\"><strong>Laura Martini \u2013 Marketing &amp; Business Development Director, LEASYS<\/strong><\/p>\n","protected":false},"excerpt":{"rendered":"<p>\u201cLa ringrazio per l\u2019opportunit\u00e0 e per l\u2019esperienza, poi vincere il premio \u00e8 stato davvero la classica ciliegina! Condividere la propria esperienza con colleghi di altre realt\u00e0 che quotidianamente affrontano le stesse sfide, \u00e8 sempre molto costruttivo.&nbsp;&nbsp;&nbsp; Complimenti per l\u2019organizzazione della serata, molto coinvolgente, divertente e di grande qualit\u00e0. Ospitalit\u00e0 e cortesia di tutti veramente impeccabile,&hellip;<\/p>\n","protected":false},"author":1,"featured_media":0,"parent":363,"menu_order":8,"comment_status":"closed","ping_status":"closed","template":"template.events-picture.php","meta":{"ngg_post_thumbnail":0,"footnotes":""},"_links":{"self":[{"href":"https:\/\/missionfleetawards.it\/index.php\/wp-json\/wp\/v2\/pages\/5773"}],"collection":[{"href":"https:\/\/missionfleetawards.it\/index.php\/wp-json\/wp\/v2\/pages"}],"about":[{"href":"https:\/\/missionfleetawards.it\/index.php\/wp-json\/wp\/v2\/types\/page"}],"author":[{"embeddable":true,"href":"https:\/\/missionfleetawards.it\/index.php\/wp-json\/wp\/v2\/users\/1"}],"replies":[{"embeddable":true,"href":"https:\/\/missionfleetawards.it\/index.php\/wp-json\/wp\/v2\/comments?post=5773"}],"version-history":[{"count":5,"href":"https:\/\/missionfleetawards.it\/index.php\/wp-json\/wp\/v2\/pages\/5773\/revisions"}],"predecessor-version":[{"id":5829,"href":"https:\/\/missionfleetawards.it\/index.php\/wp-json\/wp\/v2\/pages\/5773\/revisions\/5829"}],"up":[{"embeddable":true,"href":"https:\/\/missionfleetawards.it\/index.php\/wp-json\/wp\/v2\/pages\/363"}],"wp:attachment":[{"href":"https:\/\/missionfleetawards.it\/index.php\/wp-json\/wp\/v2\/media?parent=5773"}],"curies":[{"name":"wp","href":"https:\/\/api.w.org\/{rel}","templated":true}]}}