{"id":573,"date":"2016-02-10T10:44:12","date_gmt":"2016-02-10T09:44:12","guid":{"rendered":"http:\/\/missionfleetawards.it\/?page_id=573"},"modified":"2025-05-02T11:30:56","modified_gmt":"2025-05-02T09:30:56","slug":"candidatura-aziende-del-settore-flotta-auto","status":"publish","type":"page","link":"https:\/\/missionfleetawards.it\/index.php\/candidatura-aziende-del-settore-flotta-auto\/","title":{"rendered":"Candidatura fornitori della flotta aziendale"},"content":{"rendered":"<div class=\"csRow\">\n<div class=\"csColumnGap\" style=\"margin: 0px; padding: 0px; float: left; width: 1.56%;\"><img decoding=\"async\" style=\"border: none;\" src=\"http:\/\/missionfleetawards.it\/wp-content\/plugins\/advanced-wp-columns\/assets\/js\/plugins\/views\/img\/1x1-pixel.png\" alt=\"\"><\/div>\n<div class=\"csColumn\" style=\"margin: 0px; padding: 0px; float: left; width: 24%;\" data-csstartpoint=\"15\" data-csendpoint=\"245.5\" data-cswidth=\"24.0%\" data-csid=\"5bd471ba-a966-e0fb-9c41-77dbbb41535e\"><img loading=\"lazy\" decoding=\"async\" class=\"alignnone wp-image-1216 size-full\" src=\"http:\/\/missionfleetawards.it\/wp-content\/uploads\/2016\/02\/candidatura-aziende-icon.png\" alt=\"\" width=\"175\" height=\"177\"><\/div>\n<div class=\"csColumnGap\" style=\"margin: 0px; padding: 0px; float: left; width: 2.29%;\"><img decoding=\"async\" style=\"border: none;\" src=\"http:\/\/missionfleetawards.it\/wp-content\/plugins\/advanced-wp-columns\/assets\/js\/plugins\/views\/img\/1x1-pixel.png\" alt=\"\"><\/div>\n<div class=\"csColumn\" style=\"margin: 0px; padding: 0px; float: left; width: 70.6%; text-align: center;\" data-csstartpoint=\"267.5\" data-csendpoint=\"945\" data-cswidth=\"70.6%\" data-csid=\"4c5a3113-06e7-d45f-966f-bcae2ad707d8\">\n<h4 style=\"text-align: left;\">Compila il form indicando la categoria a cui ti vuoi candidare e ti invieremo il questionario.<\/h4>\n<h4 style=\"text-align: left;\">Puoi candidarti a piu\u0300 premi<\/h4>\n<p style=\"font-size: 12px; text-align: left;\">Per coprire le spese organizzative, a seguito dell\u2019adesione e compilazione del questionario,&nbsp;<u>l\u2019organizzazione prevede l&#8217;acquisto preventivo di 3 posti per un totale di 1.440\u20ac + iva<\/u> a conferma della partecipazione alla serata di premiazione del 17 novembre 2025 che si terr\u00e0 all&#8217;Alcatraz di Milano. Tale ammontare verr\u00e0 fatturato successivamente alla pubblicazione della short list, indicativamente a met\u00e0 luglio 2025.<\/p>\n<\/div>\n<p>&nbsp;<\/p>\n<p>&nbsp;<\/p>\n<p>&nbsp;<\/p>\n<p>&nbsp;<\/p>\n<p>&nbsp;<\/p>\n<p>&nbsp;<\/p>\n<p style=\"font-size: 14px; text-align: center;\">Tutti i campi sono obbligatori<\/p>\n\n<div class=\"wpcf7 no-js\" id=\"wpcf7-f7410-o1\" lang=\"en-US\" dir=\"ltr\">\n<div class=\"screen-reader-response\"><p role=\"status\" aria-live=\"polite\" aria-atomic=\"true\"><\/p> <ul><\/ul><\/div>\n<form action=\"\/index.php\/wp-json\/wp\/v2\/pages\/573#wpcf7-f7410-o1\" method=\"post\" class=\"wpcf7-form init\" aria-label=\"Contact form\" novalidate=\"novalidate\" data-status=\"init\">\n<div style=\"display: none;\">\n<input type=\"hidden\" name=\"_wpcf7\" value=\"7410\" \/>\n<input type=\"hidden\" name=\"_wpcf7_version\" value=\"5.9.8\" \/>\n<input type=\"hidden\" name=\"_wpcf7_locale\" value=\"en_US\" \/>\n<input type=\"hidden\" name=\"_wpcf7_unit_tag\" value=\"wpcf7-f7410-o1\" \/>\n<input type=\"hidden\" name=\"_wpcf7_container_post\" value=\"0\" \/>\n<input type=\"hidden\" name=\"_wpcf7_posted_data_hash\" value=\"\" \/>\n<\/div>\n<div id=\"responsive-form\" class=\"clearfix\">\n\t<div class=\"form-row\">\n\t\t<div class=\"column-half\">\n\t\t\t<p>Nome <span class=\"wpcf7-form-control-wrap\" data-name=\"nome\"><input size=\"40\" maxlength=\"400\" class=\"wpcf7-form-control wpcf7-text wpcf7-validates-as-required\" aria-required=\"true\" aria-invalid=\"false\" value=\"\" type=\"text\" name=\"nome\" \/><\/span>\n\t\t\t<\/p>\n\t\t<\/div>\n\t\t<div class=\"column-half\">\n\t\t\t<p>Cognome <span class=\"wpcf7-form-control-wrap\" data-name=\"cognome\"><input size=\"40\" maxlength=\"400\" class=\"wpcf7-form-control wpcf7-text wpcf7-validates-as-required\" aria-required=\"true\" aria-invalid=\"false\" value=\"\" type=\"text\" name=\"cognome\" \/><\/span>\n\t\t\t<\/p>\n\t\t<\/div>\n\t\t<div class=\"column-half\">\n\t\t\t<p>Ruolo Aziendale <span class=\"wpcf7-form-control-wrap\" data-name=\"ruolo\"><input size=\"40\" maxlength=\"400\" class=\"wpcf7-form-control wpcf7-text wpcf7-validates-as-required\" aria-required=\"true\" aria-invalid=\"false\" value=\"\" type=\"text\" name=\"ruolo\" \/><\/span>\n\t\t\t<\/p>\n\t\t<\/div>\n\t\t<div class=\"column-half\">\n\t\t\t<p>Email <span class=\"wpcf7-form-control-wrap\" data-name=\"email\"><input size=\"40\" maxlength=\"400\" class=\"wpcf7-form-control wpcf7-email wpcf7-validates-as-required wpcf7-text wpcf7-validates-as-email\" aria-required=\"true\" aria-invalid=\"false\" value=\"\" type=\"email\" name=\"email\" \/><\/span>\n\t\t\t<\/p>\n\t\t<\/div>\n\t\t<div class=\"column-half\">\n\t\t\t<p>Telefono <span class=\"wpcf7-form-control-wrap\" data-name=\"tel\"><input size=\"40\" maxlength=\"400\" class=\"wpcf7-form-control wpcf7-text wpcf7-validates-as-required\" aria-required=\"true\" aria-invalid=\"false\" value=\"\" type=\"text\" name=\"tel\" \/><\/span>\n\t\t\t<\/p>\n\t\t<\/div>\n\t<\/div>\n\t<div class=\"form-row\">\n\t\t<div class=\"column-half\">\n\t\t\t<p>Azienda <span class=\"wpcf7-form-control-wrap\" data-name=\"azienda\"><input size=\"40\" maxlength=\"400\" class=\"wpcf7-form-control wpcf7-text wpcf7-validates-as-required\" aria-required=\"true\" aria-invalid=\"false\" value=\"\" type=\"text\" name=\"azienda\" \/><\/span>\n\t\t\t<\/p>\n\t\t<\/div>\n\t\t<div class=\"column-half\">\n\t\t\t<p>Settore <span class=\"wpcf7-form-control-wrap\" data-name=\"settore\"><input size=\"40\" maxlength=\"400\" class=\"wpcf7-form-control wpcf7-text wpcf7-validates-as-required\" aria-required=\"true\" aria-invalid=\"false\" value=\"\" type=\"text\" name=\"settore\" \/><\/span>\n\t\t\t<\/p>\n\t\t<\/div>\n\t<\/div>\n\t<div class=\"form-row\">\n\t\t<div class=\"column-full\">\n\t\t\t<p style=\"margin-bottom:1em;\">Premio per il quale concorrere\n\t\t\t<\/p>\n\t\t\t<p><span class=\"wpcf7-form-control-wrap\" data-name=\"premio\"><span class=\"wpcf7-form-control wpcf7-checkbox wpcf7-validates-as-required check-bold\"><span class=\"wpcf7-list-item first\"><input type=\"checkbox\" name=\"premio[]\" value=\"1. Miglior Sistema Gestionale per le Flotte\" \/><span class=\"wpcf7-list-item-label\">1. Miglior Sistema Gestionale per le Flotte<\/span><\/span><span class=\"wpcf7-list-item\"><input type=\"checkbox\" name=\"premio[]\" value=\"2. Miglior Sistema\/Tool per la Transizione nelle Flotte\" \/><span class=\"wpcf7-list-item-label\">2. Miglior Sistema\/Tool per la Transizione nelle Flotte<\/span><\/span><span class=\"wpcf7-list-item\"><input type=\"checkbox\" name=\"premio[]\" value=\"3. Miglior Servizio di Telematica\" \/><span class=\"wpcf7-list-item-label\">3. Miglior Servizio di Telematica<\/span><\/span><span class=\"wpcf7-list-item\"><input type=\"checkbox\" name=\"premio[]\" value=\"4. Miglior Societ\u00e0 di Consulenza per Fleet e Mobility Management\" \/><span class=\"wpcf7-list-item-label\">4. Miglior Societ\u00e0 di Consulenza per Fleet e Mobility Management<\/span><\/span><span class=\"wpcf7-list-item\"><input type=\"checkbox\" name=\"premio[]\" value=\"5. Miglior App\/Tool per la Mobilit\u00e0 Dipendenti\" \/><span class=\"wpcf7-list-item-label\">5. Miglior App\/Tool per la Mobilit\u00e0 Dipendenti<\/span><\/span><span class=\"wpcf7-list-item\"><input type=\"checkbox\" name=\"premio[]\" value=\"6. Miglior Servizio\/Tool a Supporto delle Ricariche Veicolo\" \/><span class=\"wpcf7-list-item-label\">6. Miglior Servizio\/Tool a Supporto delle Ricariche Veicolo<\/span><\/span><span class=\"wpcf7-list-item\"><input type=\"checkbox\" name=\"premio[]\" value=\"7. Miglior Servizio\/Tool a Supporto della Manutenzione Veicoli\" \/><span class=\"wpcf7-list-item-label\">7. Miglior Servizio\/Tool a Supporto della Manutenzione Veicoli<\/span><\/span><span class=\"wpcf7-list-item\"><input type=\"checkbox\" name=\"premio[]\" value=\"8. Miglior Progetto di CSR \u2013 Corporate Social Responsibility\" \/><span class=\"wpcf7-list-item-label\">8. Miglior Progetto di CSR \u2013 Corporate Social Responsibility<\/span><\/span><span class=\"wpcf7-list-item\"><input type=\"checkbox\" name=\"premio[]\" value=\"9. Miglior Dealer B2B\" \/><span class=\"wpcf7-list-item-label\">9. Miglior Dealer B2B<\/span><\/span><span class=\"wpcf7-list-item\"><input type=\"checkbox\" name=\"premio[]\" value=\"10. Miglior Sistema Piattaforma di Remarketing (vendita usato)\" \/><span class=\"wpcf7-list-item-label\">10. Miglior Sistema Piattaforma di Remarketing (vendita usato)<\/span><\/span><span class=\"wpcf7-list-item\"><input type=\"checkbox\" name=\"premio[]\" value=\"11. Miglior Servizio\/Tool a Supporto del Rifornimento Veicoli\" \/><span class=\"wpcf7-list-item-label\">11. Miglior Servizio\/Tool a Supporto del Rifornimento Veicoli<\/span><\/span><span class=\"wpcf7-list-item last\"><input type=\"checkbox\" name=\"premio[]\" value=\"12. Miglior Noleggio Auto Aziendali\" \/><span class=\"wpcf7-list-item-label\">12. Miglior Noleggio Auto Aziendali<\/span><\/span><\/span><\/span>\n\t\t\t<\/p>\n\t\t<\/div>\n\t<\/div>\n\t<div class=\"form-row\">\n\t\t<div class=\"column-full\">\n\t\t\t<p>Privacy <span class=\"wpcf7-form-control-wrap\" data-name=\"accetta-privacy\"><span class=\"wpcf7-form-control wpcf7-acceptance\"><span class=\"wpcf7-list-item\"><input type=\"checkbox\" name=\"accetta-privacy\" value=\"1\" checked=\"checked\" aria-invalid=\"false\" \/><\/span><\/span><\/span><a style=\"font-size:11px; margin-top:-3em;\" href=\"http:\/\/missionfleetawards.it\/index.php\/trattamento-dati-personali\/\" target=\"_blank\">Consulta la legge<\/a>\n\t\t\t<\/p>\n\t\t<\/div>\n\t<\/div>\n\t<div class=\"form-row\">\n\t\t<div class=\"column-full\">\n\t\t\t<p><input class=\"wpcf7-form-control wpcf7-submit has-spinner\" type=\"submit\" value=\"Invia\" \/>\n\t\t\t<\/p>\n\t\t<\/div>\n\t<\/div>\n<\/div><!--end responsive-form--><div class=\"wpcf7-response-output\" aria-hidden=\"true\"><\/div>\n<\/form>\n<\/div>\n\n<\/div>\n\n\n<p><\/p>\n","protected":false},"excerpt":{"rendered":"<p>Compila il form indicando la categoria a cui ti vuoi candidare e ti invieremo il questionario. Puoi candidarti a piu\u0300 premi Per coprire le spese organizzative, a seguito dell\u2019adesione e compilazione del questionario,&nbsp;l\u2019organizzazione prevede l&#8217;acquisto preventivo di 3 posti per un totale di 1.440\u20ac + iva a conferma della partecipazione alla serata di premiazione del&hellip;<\/p>\n","protected":false},"author":1,"featured_media":0,"parent":0,"menu_order":0,"comment_status":"closed","ping_status":"closed","template":"","meta":{"ngg_post_thumbnail":0,"footnotes":""},"_links":{"self":[{"href":"https:\/\/missionfleetawards.it\/index.php\/wp-json\/wp\/v2\/pages\/573"}],"collection":[{"href":"https:\/\/missionfleetawards.it\/index.php\/wp-json\/wp\/v2\/pages"}],"about":[{"href":"https:\/\/missionfleetawards.it\/index.php\/wp-json\/wp\/v2\/types\/page"}],"author":[{"embeddable":true,"href":"https:\/\/missionfleetawards.it\/index.php\/wp-json\/wp\/v2\/users\/1"}],"replies":[{"embeddable":true,"href":"https:\/\/missionfleetawards.it\/index.php\/wp-json\/wp\/v2\/comments?post=573"}],"version-history":[{"count":68,"href":"https:\/\/missionfleetawards.it\/index.php\/wp-json\/wp\/v2\/pages\/573\/revisions"}],"predecessor-version":[{"id":8249,"href":"https:\/\/missionfleetawards.it\/index.php\/wp-json\/wp\/v2\/pages\/573\/revisions\/8249"}],"wp:attachment":[{"href":"https:\/\/missionfleetawards.it\/index.php\/wp-json\/wp\/v2\/media?parent=573"}],"curies":[{"name":"wp","href":"https:\/\/api.w.org\/{rel}","templated":true}]}}