{"id":5285,"date":"2021-07-06T09:46:56","date_gmt":"2021-07-06T07:46:56","guid":{"rendered":"https:\/\/missionfleetawards.it\/?page_id=5285"},"modified":"2021-07-06T09:49:51","modified_gmt":"2021-07-06T07:49:51","slug":"vincitori-2020","status":"publish","type":"page","link":"https:\/\/missionfleetawards.it\/index.php\/vincitori-2020\/","title":{"rendered":"Vincitori 2020"},"content":{"rendered":"\n<p class=\"has-text-align-center\"><strong>PREMI PER I FLEET MANAGER<\/strong><\/p>\n\n\n\n<p class=\"has-text-align-center\"><strong>Miglior idea per una flotta che interpreta la mobilit\u00e0 sostenibile<\/strong><\/p>\n\n\n\n<p class=\"has-text-align-center\">Vince <strong>Safilo Group<\/strong>, per la conversione totale della flotta al full hybrid, con una precisa scelta monomarca, in linea con le esigenze di economia della nuova direzione aziendale e l\u2019attenzione a spingerne l\u2019accettazione da parte dei beneficiari senza generare attriti.<\/p>\n\n\n\n<p class=\"has-text-align-center\"><strong>ROBERTO LAZZARONI, facility manager in Safilo<\/strong><\/p>\n\n\n\n<p class=\"has-text-align-center\"><strong>Miglior idea per la riduzione del TCO<\/strong><\/p>\n\n\n\n<p class=\"has-text-align-center\">Vince <strong>Valagro<\/strong>, per la forte razionalizzazione della car list seguendo criteri rigidi. L\u2019azienda \u00e8 passata da una flotta aziendale di propriet\u00e0 al noleggio a lungo termine con una proiezione di <em>savings<\/em> interessante per la tipologia di parco adottato. Il cambio culturale \u00e8 stato rilevante.<\/p>\n\n\n\n<p class=\"has-text-align-center\"><strong>MICHELA DI GIUSEPPE, Buying Associate \u2013 Global Services presso Valagro<\/strong><\/p>\n\n\n\n<p class=\"has-text-align-center\"><strong>Miglior idea per una flotta pi\u00f9 sicura<\/strong><\/p>\n\n\n\n<p class=\"has-text-align-center\">Vince <strong>3M Italia<\/strong>, per gli eccellenti risultati raggiunti grazie all\u2019adozione di Adas (sistemi di ausilio alla guida) su tutti i modelli e per tutti le categorie di beneficiari dell\u2019auto aziendale. Inoltre, per i corsi di guida sicura implementati. Infine, per il lungo percorso intrapreso di mobility management.<\/p>\n\n\n\n<p class=\"has-text-align-center\"><strong>VITO PALMIOTTI, facility manager in 3M ITALIA<\/strong><\/p>\n\n\n\n<p class=\"has-text-align-center\">Infine, MFA 2020 assegna il riconoscimento speciale di<strong>:<\/strong><\/p>\n\n\n\n<p class=\"has-text-align-center\">Miglior gestione integrata della flotta<\/p>\n\n\n\n<p class=\"has-text-align-center\">VITO PALMIOTTI, facility manager in 3M ITALIA<\/p>\n\n\n\n<p class=\"has-text-align-center\"><\/p>\n\n\n\n<p class=\"has-text-align-center\" id=\"block-42958297-6fdd-4df1-a63d-a8da30e84364\"><strong>PREMI PER I FORNITORI DELLA FLOTTA AUTO<\/strong><\/p>\n\n\n\n<p class=\"has-text-align-center\"><strong>Miglior software gestionale per la flotta<\/strong><\/p>\n\n\n\n<p class=\"has-text-align-center\">SupFleet: il suo punto di forza \u00e8 il back office, nato per l\u2019automotive. Quindi \u00e8 una soluzione \u201cnativa\u201d per il fleet management e ci\u00f2 la rende di immediato utilizzo. Ottima l\u2019implementazione continua delle funzionalit\u00e0<\/p>\n\n\n\n<p class=\"has-text-align-center\"><strong>Miglior servizio di telematica per la flotta<\/strong><\/p>\n\n\n\n<p class=\"has-text-align-center\">Masternaut: preferito per \u201caffermazione\u201d del prodotto, ampiamente conosciuto dai fleet manager. La giuria ha apprezzato in particolare l\u2019esaustiva spiegazione nel questionario di candidatura a MFA 2020<\/p>\n\n\n\n<p class=\"has-text-align-center\"><strong>Miglior mobile app per i driver<\/strong><\/p>\n\n\n\n<p class=\"has-text-align-center\">MyFleet Support vince per la user experience estremamente \u201cfriendly\u201d<\/p>\n\n\n\n<p class=\"has-text-align-center\"><strong>Miglior servizio di manutenzione e riparazione veicoli e cristalli<\/strong><\/p>\n\n\n\n<p class=\"has-text-align-center\">Vetrocar perch\u00e9 fortemente focalizzato sul servizio specifico, a lungo affermato senza mai deludere, con un focus sui centri di riparazione sui quali investe in formazione.<\/p>\n\n\n\n<p class=\"has-text-align-center\"><strong>Miglior servizio di Smart Mobility &#8211; car sharing e car pooling<\/strong><\/p>\n\n\n\n<p class=\"has-text-align-center\">Glide Mobility di RCI Mobility vince per l\u2019organizzazione dell\u2019azienda, ben strutturata per offrire questo servizio con 6mila veicoli connessi alla piattaforma di car sharing creata ex novo.<\/p>\n\n\n\n<p class=\"has-text-align-center\" id=\"block-2c7e0713-7748-413c-8e44-4cc9f03bad3c\"><strong>PREMI PER LE CASE AUTO<\/strong><\/p>\n\n\n\n<p class=\"has-text-align-center\">Miglior auto per sales e agenti<\/p>\n\n\n\n<p class=\"has-text-align-center\">Vince <strong>Volkswagen T-ROC<\/strong><\/p>\n\n\n\n<p class=\"has-text-align-center\">Il crossover compatto \u00e8 l\u2019opzione giusta per il management commerciale: capace di coniugare la forza di un piccolo Suv e l&#8217;agilit\u00e0 di una sportiva compatta, bene nei percorsi di citt\u00e0 come sulle medie percorrenze.<\/p>\n\n\n\n<p class=\"has-text-align-center\">Miglior auto per middle management<\/p>\n\n\n\n<p class=\"has-text-align-center\">Vince <strong>SKODA OCTAVIA<\/strong><\/p>\n\n\n\n<p class=\"has-text-align-center\">Best seller nelle flotte aziendali che premiano l\u2019affidabilit\u00e0 e la comodit\u00e0, nell\u2019ultimo restyling Octavia ha fatto un salto di qualit\u00e0. L\u2019intramontabile station wagon \u2013 anche in versione berlina \u2013 oggi \u00e8 anche plug in hybrid.<\/p>\n\n\n\n<p class=\"has-text-align-center\">Miglior auto per dirigenti<\/p>\n\n\n\n<p class=\"has-text-align-center\"><strong>ALFA ROMEO STELVIO<\/strong><\/p>\n\n\n\n<p class=\"has-text-align-center\">Il SUV di Alfa Romeo \u00e8 di grande appeal in azienda: vincono il brand e la sportivit\u00e0 per dirigenti che nel modello oggi possono apprezzare anche pi\u00f9 tecnologia con il restyling del model year 2020.<\/p>\n\n\n\n<p class=\"has-text-align-center\">Miglior veicolo commerciale<\/p>\n\n\n\n<p class=\"has-text-align-center\"><strong>VW CADDY<\/strong><\/p>\n\n\n\n<p class=\"has-text-align-center\">Uno dei veicoli \u201ctuttofare\u201d dei pi\u00f9 famosi al mondo, \u00e8 alla 5^ generazione dopo 3 milioni di esemplari prodotti. Tra le flotte di LCV (light commercial vehicles) piace perch\u00e9 un autentico multitask tra i furgoni per consegne urbane e altri utilizzi.<\/p>\n\n\n\n<p class=\"has-text-align-center\">Miglior auto da flotta elettrica<\/p>\n\n\n\n<p class=\"has-text-align-center\"><strong>HYUNDAI KONA<\/strong><\/p>\n\n\n\n<p class=\"has-text-align-center\">Con 484 km dichiarati di autonomia, Hyundai Kona convince le flotte pronte alle zero emissioni. Dopo il lancio nel 2018, il Suv compatto della casa coreana ha velocizzato i tempi di ricarica con l&#8217;adozione di un caricatore di bordo trifase.<\/p>\n\n\n\n<p class=\"has-text-align-center\">Miglior auto da flotta ibrida<\/p>\n\n\n\n<p class=\"has-text-align-center\"><strong>TOYOTA C-HR<\/strong><\/p>\n\n\n\n<p class=\"has-text-align-center\">La crossover dalle forme audaci viene scelta per l\u2019ottima reputazione della Casa che da sempre ha puntato sul full hybrid e continua ad investirci. Da ventidue anni la tecnologia elettrificata del gruppo giapponese rimane ai vertici delle preferenze.<\/p>\n\n\n\n<p class=\"has-text-align-center\">Miglior auto a GPL\/metano<\/p>\n\n\n\n<p class=\"has-text-align-center\"><strong>DACIA DUSTER<\/strong><\/p>\n\n\n\n<p class=\"has-text-align-center\">Dacia Duster \u00e8 il Suv che ha democratizzato il genere tanto amato e nella motorizzazione a GPL viene apprezzato per i consumi d\u2019indubbio pregio: pensate che oggi percorre 1400 KM con un pieno. E nel restyling \u201cindossa\u201d persino un motore turbo benzina da 100 CV!&nbsp;<\/p>\n\n\n\n<p><\/p>\n","protected":false},"excerpt":{"rendered":"<p>PREMI PER I FLEET MANAGER Miglior idea per una flotta che interpreta la mobilit\u00e0 sostenibile Vince Safilo Group, per la conversione totale della flotta al full hybrid, con una precisa scelta monomarca, in linea con le esigenze di economia della nuova direzione aziendale e l\u2019attenzione a spingerne l\u2019accettazione da parte dei beneficiari senza generare attriti.&hellip;<\/p>\n","protected":false},"author":1,"featured_media":0,"parent":0,"menu_order":0,"comment_status":"closed","ping_status":"closed","template":"","meta":{"ngg_post_thumbnail":0,"footnotes":""},"_links":{"self":[{"href":"https:\/\/missionfleetawards.it\/index.php\/wp-json\/wp\/v2\/pages\/5285"}],"collection":[{"href":"https:\/\/missionfleetawards.it\/index.php\/wp-json\/wp\/v2\/pages"}],"about":[{"href":"https:\/\/missionfleetawards.it\/index.php\/wp-json\/wp\/v2\/types\/page"}],"author":[{"embeddable":true,"href":"https:\/\/missionfleetawards.it\/index.php\/wp-json\/wp\/v2\/users\/1"}],"replies":[{"embeddable":true,"href":"https:\/\/missionfleetawards.it\/index.php\/wp-json\/wp\/v2\/comments?post=5285"}],"version-history":[{"count":2,"href":"https:\/\/missionfleetawards.it\/index.php\/wp-json\/wp\/v2\/pages\/5285\/revisions"}],"predecessor-version":[{"id":5291,"href":"https:\/\/missionfleetawards.it\/index.php\/wp-json\/wp\/v2\/pages\/5285\/revisions\/5291"}],"wp:attachment":[{"href":"https:\/\/missionfleetawards.it\/index.php\/wp-json\/wp\/v2\/media?parent=5285"}],"curies":[{"name":"wp","href":"https:\/\/api.w.org\/{rel}","templated":true}]}}