{"id":4920,"date":"2021-04-23T12:57:08","date_gmt":"2021-04-23T10:57:08","guid":{"rendered":"https:\/\/missionfleetawards.it\/?page_id=4920"},"modified":"2021-04-27T15:18:04","modified_gmt":"2021-04-27T13:18:04","slug":"roberto-lazzaroni-emea-facility-manager-safilo-spa","status":"publish","type":"page","link":"https:\/\/missionfleetawards.it\/index.php\/candidati-4\/giuria-2021\/roberto-lazzaroni-emea-facility-manager-safilo-spa\/","title":{"rendered":"Roberto Lazzaroni | Emea Facility Manager | SAFILO spa"},"content":{"rendered":"\n<p class=\"has-text-align-left\">Da oltre 15 anni Facility manager in Safilo, in cui tra le varie attivit\u00e0 di facilities gestisce la flotta aziendale.<\/p>\n\n\n\n<p class=\"has-text-align-left\">Il parco auto aziendale \u00e8 composto da oltre 400 auto, nel corso degli anni ha modificato pi\u00f9 volte la car policy e la car list, per renderla adeguata ai cambiamenti organizzativi dell\u2019azienda, avendo come obiettivo la soddisfazione e sicurezza del driver, la razionalit\u00e0 economica e la sostenibilit\u00e0 ambientale. Nell\u2019ottica di una mobilit\u00e0 sostenibile ha introdotto le auto elettriche per i mezzi in pool, il car pooling.<\/p>\n\n\n\n<p class=\"has-text-align-left\">Tale percorso di sostenibilit\u00e0 lo ha portato a sposare a partire da gennaio 2020 la tecnologia Full Hybrid per tutte le auto aziendali.<\/p>\n","protected":false},"excerpt":{"rendered":"<p>Da oltre 15 anni Facility manager in Safilo, in cui tra le varie attivit\u00e0 di facilities gestisce la flotta aziendale. Il parco auto aziendale \u00e8 composto da oltre 400 auto, nel corso degli anni ha modificato pi\u00f9 volte la car policy e la car list, per renderla adeguata ai cambiamenti organizzativi dell\u2019azienda, avendo come obiettivo&hellip;<\/p>\n","protected":false},"author":1,"featured_media":4925,"parent":4951,"menu_order":8,"comment_status":"closed","ping_status":"closed","template":"template.juror.php","meta":{"ngg_post_thumbnail":0,"footnotes":""},"_links":{"self":[{"href":"https:\/\/missionfleetawards.it\/index.php\/wp-json\/wp\/v2\/pages\/4920"}],"collection":[{"href":"https:\/\/missionfleetawards.it\/index.php\/wp-json\/wp\/v2\/pages"}],"about":[{"href":"https:\/\/missionfleetawards.it\/index.php\/wp-json\/wp\/v2\/types\/page"}],"author":[{"embeddable":true,"href":"https:\/\/missionfleetawards.it\/index.php\/wp-json\/wp\/v2\/users\/1"}],"replies":[{"embeddable":true,"href":"https:\/\/missionfleetawards.it\/index.php\/wp-json\/wp\/v2\/comments?post=4920"}],"version-history":[{"count":2,"href":"https:\/\/missionfleetawards.it\/index.php\/wp-json\/wp\/v2\/pages\/4920\/revisions"}],"predecessor-version":[{"id":4933,"href":"https:\/\/missionfleetawards.it\/index.php\/wp-json\/wp\/v2\/pages\/4920\/revisions\/4933"}],"up":[{"embeddable":true,"href":"https:\/\/missionfleetawards.it\/index.php\/wp-json\/wp\/v2\/pages\/4951"}],"wp:featuredmedia":[{"embeddable":true,"href":"https:\/\/missionfleetawards.it\/index.php\/wp-json\/wp\/v2\/media\/4925"}],"wp:attachment":[{"href":"https:\/\/missionfleetawards.it\/index.php\/wp-json\/wp\/v2\/media?parent=4920"}],"curies":[{"name":"wp","href":"https:\/\/api.w.org\/{rel}","templated":true}]}}