{"id":4405,"date":"2020-06-11T08:38:34","date_gmt":"2020-06-11T06:38:34","guid":{"rendered":"https:\/\/missionfleetawards.it\/?page_id=4405"},"modified":"2024-06-06T15:43:29","modified_gmt":"2024-06-06T13:43:29","slug":"q8","status":"publish","type":"page","link":"https:\/\/missionfleetawards.it\/index.php\/edizione-2024\/partner-2024\/q8\/","title":{"rendered":"Main Partner &#8211; Kuwait Petroleum Italia S.p.A."},"content":{"rendered":"\n<p><em>Q8 \u00e8 uno dei principali player italiani del settore dell\u2019energia che garantisce la mobilit\u00e0 delle persone e delle merci. La societ\u00e0 \u00e8 attiva nell\u2019intero ciclo integrato del downstream, dalla raffinazione al consumatore finale grazie ad una rete capillare di stazioni di servizio distribuite sull\u2019intero territorio nazionale e a una logistica che si sviluppa coerentemente a supporto dell\u2019intera rete distributiva. <\/em><\/p>\n\n\n\n<p><em>Q8 \u00e8 inoltre attiva, attraverso altre societ\u00e0 del Gruppo, nel mercato delle vendite dirette (Extra-rete), dei lubrificanti e dei carburanti per la marina e per l\u2019aviazione. <\/em><br><em>Al centro della strategia di Q8 la sostenibilit\u00e0 del business che persegue coniugando sinergicamente salvaguardia dell\u2019ambiente, sviluppo sociale e crescita economica.<\/em><\/p>\n","protected":false},"excerpt":{"rendered":"<p>Q8 \u00e8 uno dei principali player italiani del settore dell\u2019energia che garantisce la mobilit\u00e0 delle persone e delle merci. La societ\u00e0 \u00e8 attiva nell\u2019intero ciclo integrato del downstream, dalla raffinazione al consumatore finale grazie ad una rete capillare di stazioni di servizio distribuite sull\u2019intero territorio nazionale e a una logistica che si sviluppa coerentemente a&hellip;<\/p>\n","protected":false},"author":1,"featured_media":7387,"parent":1521,"menu_order":1,"comment_status":"closed","ping_status":"closed","template":"template.sponsor.php","meta":{"ngg_post_thumbnail":0,"footnotes":""},"_links":{"self":[{"href":"https:\/\/missionfleetawards.it\/index.php\/wp-json\/wp\/v2\/pages\/4405"}],"collection":[{"href":"https:\/\/missionfleetawards.it\/index.php\/wp-json\/wp\/v2\/pages"}],"about":[{"href":"https:\/\/missionfleetawards.it\/index.php\/wp-json\/wp\/v2\/types\/page"}],"author":[{"embeddable":true,"href":"https:\/\/missionfleetawards.it\/index.php\/wp-json\/wp\/v2\/users\/1"}],"replies":[{"embeddable":true,"href":"https:\/\/missionfleetawards.it\/index.php\/wp-json\/wp\/v2\/comments?post=4405"}],"version-history":[{"count":11,"href":"https:\/\/missionfleetawards.it\/index.php\/wp-json\/wp\/v2\/pages\/4405\/revisions"}],"predecessor-version":[{"id":7691,"href":"https:\/\/missionfleetawards.it\/index.php\/wp-json\/wp\/v2\/pages\/4405\/revisions\/7691"}],"up":[{"embeddable":true,"href":"https:\/\/missionfleetawards.it\/index.php\/wp-json\/wp\/v2\/pages\/1521"}],"wp:featuredmedia":[{"embeddable":true,"href":"https:\/\/missionfleetawards.it\/index.php\/wp-json\/wp\/v2\/media\/7387"}],"wp:attachment":[{"href":"https:\/\/missionfleetawards.it\/index.php\/wp-json\/wp\/v2\/media?parent=4405"}],"curies":[{"name":"wp","href":"https:\/\/api.w.org\/{rel}","templated":true}]}}