{"id":4266,"date":"2020-04-23T11:16:22","date_gmt":"2020-04-23T09:16:22","guid":{"rendered":"https:\/\/missionfleetawards.it\/?page_id=4266"},"modified":"2021-04-23T11:50:19","modified_gmt":"2021-04-23T09:50:19","slug":"gianfranco-martorelli-fleet-mobility-manager-wind-tre-s-p-a","status":"publish","type":"page","link":"https:\/\/missionfleetawards.it\/index.php\/candidati-4\/giuria-2020\/gianfranco-martorelli-fleet-mobility-manager-wind-tre-s-p-a\/","title":{"rendered":"Gianfranco Martorelli &#8212; Fleet &#038; Mobility Manager &#8211; TIM S.p.A."},"content":{"rendered":"\n<p>Dopo un\u2019esperienza nell\u2019Arma dei Carabinieri ha ricoperto diversi ruoli in ambito Security &amp; Servizi Generali di Seat Pagine Gialle; dal 2003 al 2005 \u00e8 stato Responsabile della Flotta Aziendale di Telecom Italia Media; dal 2006 al 2016 \u00e8 stato Responsabile del Parco Auto e Mobility Manager di Wind Telecomunicazioni. Da gennaio 2017 a luglio 2020 \u00e8 stato Fleet &amp; Mobility Manager di Wind Tre e nel mese di agosto 2020 ha assunto il ruolo di Fleet &amp; Mobility Manager in TIM.<\/p>\n\n\n\n<p>Dal 2018 \u00e8 Presidente dell\u2019Osservatorio Nazionale Top Thousand di cui \u00e8 stato Cofondatore nel 2015.&nbsp; L\u2019Osservatorio \u00e8 Formato da Fleet Manager e da Mobility Manager di Aziende con Flotte di dimensioni superiori ai mille veicoli ed \u00e8 nato con l\u2019obiettivo di essere un interlocutore autorevole verso le Istituzioni e i partner dell\u2019Automotive sui temi strategici della Mobilit\u00e0 delle Imprese.<\/p>\n\n\n\n<p><\/p>\n","protected":false},"excerpt":{"rendered":"<p>Dopo un\u2019esperienza nell\u2019Arma dei Carabinieri ha ricoperto diversi ruoli in ambito Security &amp; Servizi Generali di Seat Pagine Gialle; dal 2003 al 2005 \u00e8 stato Responsabile della Flotta Aziendale di Telecom Italia Media; dal 2006 al 2016 \u00e8 stato Responsabile del Parco Auto e Mobility Manager di Wind Telecomunicazioni. Da gennaio 2017 a luglio 2020&hellip;<\/p>\n","protected":false},"author":1,"featured_media":4318,"parent":4899,"menu_order":5,"comment_status":"closed","ping_status":"closed","template":"template.juror.php","meta":{"ngg_post_thumbnail":0,"footnotes":""},"_links":{"self":[{"href":"https:\/\/missionfleetawards.it\/index.php\/wp-json\/wp\/v2\/pages\/4266"}],"collection":[{"href":"https:\/\/missionfleetawards.it\/index.php\/wp-json\/wp\/v2\/pages"}],"about":[{"href":"https:\/\/missionfleetawards.it\/index.php\/wp-json\/wp\/v2\/types\/page"}],"author":[{"embeddable":true,"href":"https:\/\/missionfleetawards.it\/index.php\/wp-json\/wp\/v2\/users\/1"}],"replies":[{"embeddable":true,"href":"https:\/\/missionfleetawards.it\/index.php\/wp-json\/wp\/v2\/comments?post=4266"}],"version-history":[{"count":5,"href":"https:\/\/missionfleetawards.it\/index.php\/wp-json\/wp\/v2\/pages\/4266\/revisions"}],"predecessor-version":[{"id":4684,"href":"https:\/\/missionfleetawards.it\/index.php\/wp-json\/wp\/v2\/pages\/4266\/revisions\/4684"}],"up":[{"embeddable":true,"href":"https:\/\/missionfleetawards.it\/index.php\/wp-json\/wp\/v2\/pages\/4899"}],"wp:featuredmedia":[{"embeddable":true,"href":"https:\/\/missionfleetawards.it\/index.php\/wp-json\/wp\/v2\/media\/4318"}],"wp:attachment":[{"href":"https:\/\/missionfleetawards.it\/index.php\/wp-json\/wp\/v2\/media?parent=4266"}],"curies":[{"name":"wp","href":"https:\/\/api.w.org\/{rel}","templated":true}]}}