{"id":425,"date":"2016-01-28T16:10:59","date_gmt":"2016-01-28T15:10:59","guid":{"rendered":"http:\/\/missionfleetawards.it\/?page_id=425"},"modified":"2025-07-31T10:14:24","modified_gmt":"2025-07-31T08:14:24","slug":"regolamento","status":"publish","type":"page","link":"https:\/\/missionfleetawards.it\/index.php\/candidati-4\/regolamento\/","title":{"rendered":"Regolamento"},"content":{"rendered":"<p style=\"text-align: center;\"><strong><span style=\"color: #1c3d92;\"><img loading=\"lazy\" decoding=\"async\" class=\"alignnone size-full wp-image-1278\" src=\"http:\/\/missionfleetawards.it\/wp-content\/uploads\/2016\/03\/ARTICOLO-1.jpg\" alt=\"ARTICOLO-1\" width=\"40\" height=\"40\"><br \/>\n<\/span>Ente promotore di MissionFleet Awards<br \/>\n<\/strong>MissionFleet Awards \u00e8 organizzato da Newsteca, casa editrice del periodico MISSIONFLEET &#8211; LA RIVISTA DELL&#8217;AUTO AZIENDALE con sede a Milano, in Via Larga 6.<\/p>\n<p style=\"text-align: center;\"><strong><img loading=\"lazy\" decoding=\"async\" class=\"alignnone size-full wp-image-1279\" src=\"http:\/\/missionfleetawards.it\/wp-content\/uploads\/2016\/03\/ARTICOLO-2.jpg\" alt=\"ARTICOLO-2\" width=\"40\" height=\"40\"><br \/>\nFinalit\u00e0 MissionFleet Awards<br \/>\n<\/strong>MissionFleet Awards ha lo scopo di riconoscere e premiare gli attori pi\u00f9 virtuosi del settore italiano dell\u2019automotive che operano nell&#8217;ambito delle flotte aziendali.<\/p>\n<p style=\"text-align: center;\"><strong><img loading=\"lazy\" decoding=\"async\" class=\"alignnone size-full wp-image-1280\" src=\"http:\/\/missionfleetawards.it\/wp-content\/uploads\/2016\/03\/ARTICOLO-3.jpg\" alt=\"ARTICOLO-3\" width=\"40\" height=\"40\"><br \/>\nCategorie del premio e iter di candidatura &#8211; FLEET MANAGER<br \/>\n<\/strong>La candidatura ai premi \u00e8 gratuita. Il candidato Fleet Manager in gara sar\u00e0 invitato a titolo gratuito alla serata di gala&nbsp;<\/p>\n<p style=\"text-align: left;\"><strong>La categoria FLEET MANAGER prevede 7 premi:<\/strong><\/p>\n<ul>\n<li>Miglior Flotta Sostenibile<\/li>\n<li>Miglior Programma del Saving e Ottimizzazione del TCM<\/li>\n<li>Miglior Programma di Corporate Car Sharing, Car Pooling e Micromobilit\u00e0<\/li>\n<li>Miglior Gestione della Sicurezza nella Flotta<\/li>\n<li>Miglior Progetto di Trasformazione Digitale nella Gestione della Flotta<\/li>\n<li>Miglior Progetto di Supporto all&#8217;Elettrificazione della Flotta (attraverso veicoli, infrastrutture di ricarica in azienda, altro..)&nbsp;<\/li>\n<li>Mobility Manager dell\u2019Anno<\/li>\n<\/ul>\n<p style=\"text-align: left;\">Ogni persona che svolge il ruolo di Fleet Manager pu\u00f2 candidarsi a uno o pi\u00f9 dei suddetti premi. Le candidature sono aperte dal 2 maggio al 30 giugno 2025<\/p>\n<p style=\"text-align: left;\">L\u2019iter di candidatura prevede un\u2019auto candidatura on line attraverso un form precompilato.<\/p>\n<p style=\"text-align: left;\">In base alle candidature ricevute, la giuria decreter\u00e0 una short list. I Fleet Manager presenti in short list dovranno presentarsi a un colloquio vis \u00e0 vis con la giuria il 16 ottobre 2025. Una copia della presentazione dovr\u00e0 essere inviata entro la fine di settembre 2025.<\/p>\n<p style=\"text-align: center;\"><img loading=\"lazy\" decoding=\"async\" class=\"alignnone size-full wp-image-1281\" src=\"http:\/\/missionfleetawards.it\/wp-content\/uploads\/2016\/03\/ARTICOLO-4.jpg\" alt=\"ARTICOLO-4\" width=\"40\" height=\"40\"><\/p>\n<p style=\"text-align: center;\"><strong>Categoria del premio e iter di candidatura &#8211; AZIENDE OPERANTI NEL SETTORE AUTOMOTIVE PER LE FLOTTE<\/strong><\/p>\n<p><strong>La categoria AZIENDE OPERANTI NEL SETTORE AUTOMOTIVE PER LE FLOTTE prevede i seguenti premi:<\/strong><\/p>\n<ul>\n<li>Miglior Sistema Gestionale per la Flotta<\/li>\n<li>Miglior Sistema a Supporto della Transizione Energetica nelle Flotte<\/li>\n<li>Miglior Servizio di Telematica per la Flotta<\/li>\n<li>Miglior Societ\u00e0 di Consulenza di Gestione Flotte e Mobility Management<\/li>\n<li>Miglior App\/Tool per la Mobilit\u00e0 Aziendale<\/li>\n<li>Miglior Servizio per le Ricariche Veicolo Bev Phev<\/li>\n<li>Miglior Tool o Tecnologia Antifurto e Tutela Dati<\/li>\n<li>Miglior Servizio o Tool di Supporto alla Manutenzione Veicoli<\/li>\n<li>Miglior Progetto di CSR &#8211; Corporate Social Responsibility<\/li>\n<li>Miglior Dealer B2B<\/li>\n<li>Miglior Piattaforma o Tool di Remarketing per la Vendita delle Auto Usate<\/li>\n<li>Miglior Servizio di Rifornimento Veicoli Aziendali<\/li>\n<li>Miglior Noleggio Auto Aziendali<\/li>\n<\/ul>\n<p style=\"text-align: left;\">Ogni azienda che rientra nelle suddette categorie pu\u00f2 candidarsi ad uno o pi\u00f9 premi. Le candidature sono aperte dal 2 maggio al 30 giugno 2025<\/p>\n<p style=\"text-align: left;\">L\u2019iter per candidarsi prevede un\u2019auto candidatura &nbsp;attraverso la compilazione del form online. Successivamente verr\u00e0 inviato dalla redazione di MissionFleet il questionario di candidatura da restituire compilato.<\/p>\n<p style=\"text-align: left;\">Per le <strong>C<\/strong><strong>ase Auto<\/strong>&nbsp;verr\u00e0 stilata una classifica basata sui dati relativi alle vendite di auto (true fleet) in Italia, forniti da Dataforce Italia. La classifica sar\u00e0 vagliata dalla giuria che, in base alla propria esperienza e al lavoro quotidiano di gestione delle flotte auto aziendali, designer\u00e0 i modelli auto vincitori per ogni categoria.<\/p>\n<p><strong>Di seguito i segmenti presi in considerazione:<\/strong><\/p>\n<ul>\n<li>Miglior Auto Strumentale<\/li>\n<li>Miglior Auto per Sales e Agenti<\/li>\n<li>Miglior Auto per Middle Management<\/li>\n<li>Miglior Auto per Dirigenti<\/li>\n<li>Miglior Veicolo di Servizio (LCV)<\/li>\n<li>Miglior Auto da Flotta Elettrica<\/li>\n<li>Miglior Auto da Flotta Plugin<\/li>\n<li>Miglior Auto da Flotta Full Hybrid<\/li>\n<li>Miglior Auto da Flotta Diesel<\/li>\n<\/ul>\n<p style=\"text-align: left;\">Nel mese di luglio sar\u00e0 pubblicata la shortlist e dal 14 al 20 si apriranno le votazioni on-line: i Fleet Manager, previa registrazione al sito, potranno votare i loro candidati preferiti.<\/p>\n<hr>\n<p><strong>Per coprire le spese organizzative, a seguito dell\u2019adesione e compilazione del questionario <u>l\u2019organizzazione chiede il l&#8217;acquisto di n. 3 posti [spesa totale 1.440,00\u20ac + iva] a conferma della partecipazione<\/u> alla serata di premiazione che si terr\u00e0 a Milano il 17 novembre 2025 presso l&#8217;Alcatraz. Tale ammontare verr\u00e0 fatturato dopo la pubblicazione della short list, indicativamente a met\u00e0 luglio 2025.<\/strong><\/p>\n<p style=\"text-align: center;\"><img loading=\"lazy\" decoding=\"async\" class=\"alignnone size-full wp-image-1282\" src=\"http:\/\/missionfleetawards.it\/wp-content\/uploads\/2016\/03\/ARTICOLO-5.jpg\" alt=\"ARTICOLO-5\" width=\"40\" height=\"40\"><\/p>\n<p style=\"text-align: center;\"><span style=\"color: #000000;\"><strong>Le due giurie<\/strong><\/span><br \/>\nI candidati ai premi verranno giudicati da 2 differenti giurie.<\/p>\n<p style=\"text-align: left;\">Per la categoria <strong>FLEET MANAGER<\/strong> la giuria sar\u00e0 cos\u00ec composta:<\/p>\n<ul>\n<li style=\"text-align: left;\">giornalisti di settore<\/li>\n<li style=\"text-align: left;\">esponenti mondo automotive (sponsor della manifestazione)<\/li>\n<li style=\"text-align: left;\">fleet manager<\/li>\n<\/ul>\n<p style=\"text-align: left;\">Per la categoria <strong>AZIENDE OPERANTI NEL SETTORE AUTOMOTIVE PER LE FLOTTE<\/strong>, la giuria sar\u00e0 cos\u00ec composta:<\/p>\n<ul>\n<li style=\"text-align: left;\">giornalisti di settore<\/li>\n<li style=\"text-align: left;\">fleet manager<\/li>\n<\/ul>\n<div class=\"body-wrapper float-menu\" data-home=\"https:\/\/www.digital360awards.it\">\n<div class=\"content-wrapper\">\n<div class=\"gdlr-content\">\n<div class=\"main-content-container container gdlr-item-start-content\">\n<div class=\"gdlr-item gdlr-main-content\">\n<div class=\"vc_row wpb_row vc_row-fluid\">\n<div class=\"wpb_column vc_column_container vc_col-sm-12\">\n<div class=\"vc_column-inner vc_custom_1457080722825\">\n<div class=\"wpb_wrapper\">\n<div class=\"wpb_text_column wpb_content_element \">\n<div class=\"wpb_wrapper\">\n<p style=\"text-align: left;\">La giuria si riserva la facolt\u00e0 di modificare, a suo insindacabile giudizio, nome e numero delle categorie a seconda del numero e della tipologia di progetti candidati. Le decisioni della giuria sono definitive. Non saranno divulgate le motivazioni del comitato&nbsp; di giuria relative alla selezione della short list e della lista dei finalisti.<\/p>\n<\/div>\n<\/div>\n<\/div>\n<\/div>\n<\/div>\n<\/div>\n<\/div>\n<\/div>\n<\/div>\n<\/div>\n<\/div>\n<p style=\"text-align: center;\"><strong>CRITERI DI VALUTAZIONE:<\/strong><\/p>\n<p style=\"text-align: center;\">Alla giuria \u00e8 richiesto di basare la propria valutazione sui questionari di auto-candidatura ricevuti, a prescindere dalle personali esperienze e rapporti con i fornitori in gara. Saranno penalizzati i questionari con una compilazione scarna e poco dettagliata, che non forniranno un quadro generale esaustivo.<\/p>\n<p style=\"text-align: center;\"><strong><img loading=\"lazy\" decoding=\"async\" class=\"alignnone size-full wp-image-1283\" src=\"http:\/\/missionfleetawards.it\/wp-content\/uploads\/2016\/03\/ARTICOLO-6.jpg\" alt=\"ARTICOLO-6\" width=\"40\" height=\"40\"><br \/>\nRiservatezza<br \/>\n<\/strong>I dati forniti nei questionari saranno utilizzati dalla giuria solo con l\u2019obiettivo di individuare i vincitori di MissionFleet Awards. Le risposte non saranno rese pubbliche o divulgate in alcun modo.<\/p>\n<p>&nbsp;<\/p>\n<p style=\"text-align: center;\"><strong>Tempistiche della decima edizione:&nbsp;<\/strong><\/p>\n<ul>\n<li style=\"text-align: left;\">2 maggio &#8211; 30 giugno 2025 | Periodo candidature<\/li>\n<li style=\"text-align: left;\">Luglio 2025 | Pubblicazione short list categoria Fleet Manager e Fornitori<\/li>\n<li style=\"text-align: left;\">14 luglio &#8211; 20 luglio 2025 | Votazioni online delle categorie dei Fonitori<\/li>\n<li style=\"text-align: left;\">18 Settembre \/ 16 Ottobre 2025 | Riunione giuria Fornitori e Colloqui giuria con esposizione progetti Fleet Manager candidati<\/li>\n<li style=\"text-align: left;\">17 novembre 2025 | Serata di Gala Alcatraz &#8211; Milano<\/li>\n<\/ul>\n","protected":false},"excerpt":{"rendered":"<p>Ente promotore di MissionFleet Awards MissionFleet Awards \u00e8 organizzato da Newsteca, casa editrice del periodico MISSIONFLEET &#8211; LA RIVISTA DELL&#8217;AUTO AZIENDALE con sede a Milano, in Via Larga 6. Finalit\u00e0 MissionFleet Awards MissionFleet Awards ha lo scopo di riconoscere e premiare gli attori pi\u00f9 virtuosi del settore italiano dell\u2019automotive che operano nell&#8217;ambito delle flotte aziendali.&hellip;<\/p>\n","protected":false},"author":1,"featured_media":0,"parent":415,"menu_order":0,"comment_status":"closed","ping_status":"closed","template":"","meta":{"ngg_post_thumbnail":0,"footnotes":""},"_links":{"self":[{"href":"https:\/\/missionfleetawards.it\/index.php\/wp-json\/wp\/v2\/pages\/425"}],"collection":[{"href":"https:\/\/missionfleetawards.it\/index.php\/wp-json\/wp\/v2\/pages"}],"about":[{"href":"https:\/\/missionfleetawards.it\/index.php\/wp-json\/wp\/v2\/types\/page"}],"author":[{"embeddable":true,"href":"https:\/\/missionfleetawards.it\/index.php\/wp-json\/wp\/v2\/users\/1"}],"replies":[{"embeddable":true,"href":"https:\/\/missionfleetawards.it\/index.php\/wp-json\/wp\/v2\/comments?post=425"}],"version-history":[{"count":263,"href":"https:\/\/missionfleetawards.it\/index.php\/wp-json\/wp\/v2\/pages\/425\/revisions"}],"predecessor-version":[{"id":8389,"href":"https:\/\/missionfleetawards.it\/index.php\/wp-json\/wp\/v2\/pages\/425\/revisions\/8389"}],"up":[{"embeddable":true,"href":"https:\/\/missionfleetawards.it\/index.php\/wp-json\/wp\/v2\/pages\/415"}],"wp:attachment":[{"href":"https:\/\/missionfleetawards.it\/index.php\/wp-json\/wp\/v2\/media?parent=425"}],"curies":[{"name":"wp","href":"https:\/\/api.w.org\/{rel}","templated":true}]}}