{"id":3917,"date":"2019-10-21T14:32:21","date_gmt":"2019-10-21T12:32:21","guid":{"rendered":"https:\/\/missionfleetawards.it\/?page_id=3917"},"modified":"2022-06-06T16:18:26","modified_gmt":"2022-06-06T14:18:26","slug":"privacy-e-trattamento-dati","status":"publish","type":"page","link":"https:\/\/missionfleetawards.it\/index.php\/privacy-e-trattamento-dati\/","title":{"rendered":"Privacy e trattamento dati"},"content":{"rendered":"\n<p><strong>NFORMAZIONI RELATIVE ALLA PRIVACY POLICY DEL SITO: www.missionfleetawards.it<\/strong><\/p>\n\n\n\n<p>Newsteca S.r.l., Via Larga, 6, 20122, Milano, ITALIA, P.IVA 13171520151 (in seguito, \u201cTitolare\u201d), in qualit\u00e0 di titolare del trattamento, La informa ai sensi dell\u2019art. 13 Regolamento UE n. 2016\/679 (in seguito, \u201cGDPR\u201d) che i Suoi dati, in relazione alla Vostra navigazione sul nostro sito internet, saranno trattati con le modalit\u00e0 e per le finalit\u00e0 seguenti:<\/p>\n\n\n\n<ul><li>attivit\u00e0 connesse all\u2019invio di newsletter, comunicazioni promozionali e informazioni pubblicitarie.<\/li><\/ul>\n\n\n\n<p><strong>TRATTAMENTO DEI DATI<\/strong><\/p>\n\n\n\n<ul><li><strong>Oggetto del trattamento:<\/strong>&nbsp;Il Titolare tratta i dati personali, identificativi e non sensibili (a titolo esemplificativo ma non esaustivo, nome, cognome, indirizzo, telefono, e-mail \u2013 in seguito, \u201cdati personali\u201d o anche \u201cdati\u201d) da Voi comunicati, in occasione di richieste di iscrizione a newsletter o partecipazione a eventi o corsi di formazioni organizzati.<\/li><li><strong>Finalit\u00e0 del trattamento:<\/strong>&nbsp;I Suoi dati personali sono trattati:<ul><li><strong>A) senza il Suo consenso espresso art. 6 lett. b), e) GDPR), per le seguenti finalit\u00e0:<\/strong><\/li><\/ul><\/li><li><ul><li>Processare una richiesta di contatto;<ul><li>Base giuridica: Esecuzione di un servizio.<\/li><\/ul><\/li><li>Per adempiere agli obblighi previsti da leggi o regolamenti vigenti, anche comunitari;<ul><li>Base giuridica: Obbligo legale.<\/li><\/ul><\/li><li>Per la gestione del contenzioso relativo a inadempimenti contrattuali, transazioni, recupero crediti, controversie giudiziarie;<ul><li>Base giuridica: Trattamento in sede giudiziaria.<\/li><\/ul><\/li><\/ul><\/li><\/ul>\n\n\n\n<ul><li><ul><li>InviarLe via e-mail, newsletter periodiche e partecipazione a awards e eventi (siti missionline.it, www.italianmissionawards.it,\u00a0<a href=\"http:\/\/www.missionfleetawards.it\/\">missionfleetawards.it<\/a>,\u00a0<a href=\"http:\/\/www.europeanmissionawards.it\/\">www.europeanmissionawards.it<\/a>, www.missionforum.it) offerti dal Titolare.<ul><li>Base giuridica: Consenso (facoltativo e revocabile in qualsiasi momento).<\/li><\/ul><\/li><\/ul><\/li><\/ul>\n\n\n\n<p><\/p>\n\n\n\n<ul><li><strong>Modalit\u00e0 del trattamento:\u00a0<\/strong>Il trattamento dei Vostri dati personali \u00e8 realizzato per mezzo delle operazioni indicate all\u2019art. 4 Codice Privacy e all\u2019art. 4 n. 2) GDPR e precisamente: raccolta, registrazione, organizzazione, conservazione, consultazione, elaborazione, modificazione, selezione, estrazione, raffronto, utilizzo, interconnessione, blocco, comunicazione, cancellazione e distruzione dei dati. I Vostri dati personali sono sottoposti a trattamento sia cartaceo che elettronico e\/o automatizzato.<\/li><\/ul>\n\n\n\n<ul><li><strong>Tempo di conservazione dei dati trattati:&nbsp;<\/strong>Il Titolare tratter\u00e0 i dati personali per il tempo strettamente necessario al perseguimento delle finalit\u00e0 sopra indicate nel rispetto degli obblighi civilistici e fiscali di conservazione e dei limiti previsti dalla legge. Al termine del periodo di conservazioni i Dati Personali saranno cancellati. Pertanto, allo spirare di tale termine il diritto di accesso, cancellazione, rettificazione ed il diritto alla portabilit\u00e0 dei Dati non potranno pi\u00f9 essere esercitati.<\/li><\/ul>\n\n\n\n<ul><li><strong>Misure di sicurezza:<\/strong>&nbsp;Il Titolare ha adottato una gran variet\u00e0 di misure di sicurezza per proteggere i Vostri dati contro il rischio di perdita, abuso o alterazione. In particolare: ha adottato le misure di cui agli artt. 32-34 Codice Privacy e all\u2019art. 32 GDPR; utilizza la tecnologia di criptaggio dei dati ed i protocolli protetti di trasmissione dei dati.<\/li><\/ul>\n\n\n\n<ul><li><strong>Accesso ai dati:<\/strong>&nbsp;I Vostri dati potranno essere resi accessibili per le finalit\u00e0 di cui all\u2019art. 2.A) e 2.B): a dipendenti e collaboratori del Titolare, nella loro qualit\u00e0 di incaricati e\/o responsabili interni del trattamento; a societ\u00e0 terze o altri soggetti che svolgono attivit\u00e0 in outsourcing per conto del Titolare, nella loro qualit\u00e0 di responsabili del trattamento. L\u2019elenco aggiornato dei responsabili e degli incaricati al trattamento \u00e8 custodito ed \u00e8 consultabile presso la sede del Titolare del trattamento.<\/li><\/ul>\n\n\n\n<ul><li><strong>Comunicazione dei dati:<\/strong>&nbsp;Senza il Vostro espresso consenso (ex art. 24 lett. a), b), d) Codice Privacy e art. 6 lett. b) e c) GDPR), il Titolare potr\u00e0 comunicare i Vostri dati a Organismi di vigilanza, Autorit\u00e0 giudiziarie nonch\u00e9 a tutti gli altri soggetti ai quali la comunicazione sia obbligatoria per legge per l\u2019espletamento delle finalit\u00e0 dette.<\/li><\/ul>\n\n\n\n<ul><li><strong>Trasferimento dati:<\/strong>&nbsp;La gestione e la conservazione dei dati personali avverr\u00e0 in Europa, su server ubicati in Italia del Titolare e\/o societ\u00e0 terze incaricate e debitamente nominate quali Responsabili del trattamento.<\/li><\/ul>\n\n\n\n<ul><li><strong>Natura del conferimento dei dati e conseguenze del rifiuto di rispondere:<\/strong>&nbsp;Il conferimento dei dati per le finalit\u00e0 di cui all\u2019art. 2A \u00e8 obbligatorio in quanto necessario per rispondere ad una richiesta di contatto. Invece per le finalit\u00e0 di cui all\u2019art. 2B l\u2019accettazione \u00e8 facoltativa. Pu\u00f2 quindi decidere di non conferire alcun dato o di negare successivamente la possibilit\u00e0 di trattare dati gi\u00e0 forniti: in tal caso, non potr\u00e0 ricevere newsletter o materiale pubblicitario ma continuer\u00e0 ad avere diritto ai Servizi di cui all\u2019art. 2A.<\/li><\/ul>\n\n\n\n<ul><li><strong>Diritti dell\u2019interessato:<\/strong>&nbsp;In conformit\u00e0 a quanto previsto nel Capo III, Sezione I, GDPR, Lei pu\u00f2 esercitare i diritti ivi indicati ed in particolare: Diritto di accesso \u2013 Ottenere conferma che sia o meno in corso un trattamento di dati personali che La riguardano e, in tal caso, ricevere informazioni relative, in particolare, a: finalit\u00e0 del trattamento, categorie di dati personali trattati e periodo di conservazione, destinatari cui questi possono essere comunicati (articolo 15, GDPR); Diritto di rettifica \u2013 Ottenere, senza ingiustificato ritardo, la rettifica dei dati personali inesatti che La riguardano e l\u2019integrazione dei dati personali incompleti (articolo 16, GDPR); Diritto alla cancellazione \u2013 Ottenere, senza ingiustificato ritardo, la cancellazione dei dati personali che La riguardano, nei casi previsti dal GDPR (articolo 17, GDPR); Diritto di limitazione \u2013 Ottenere dal Titolare la limitazione del trattamento, nei casi previsti dal GDPR (articolo 18, GDPR); Diritto alla portabilit\u00e0 \u2013 Ricevere in un formato strutturato, di uso comune e leggibile da un dispositivo automatico, i dati personali che La riguardano forniti al Titolare, nonch\u00e9 ottenere che gli stessi siano trasmessi ad altro titolare senza impedimenti, nei casi previsti dal GDPR (articolo 20, GDPR); Diritto di opposizione \u2013 Opporsi al trattamento dei dati personali che La riguardano, salvo che sussistano motivi legittimi per i Contitolari di continuare il trattamento (articolo 21, GDPR); Diritto di proporre reclamo all\u2019autorit\u00e0 di controllo \u2013 Proporre reclamo all\u2019Autorit\u00e0 Garante per la protezione dei dati personali, Piazza di Montecitorio n. 121, 00186, Roma (RM).<\/li><\/ul>\n\n\n\n<ul><li><strong>Modalit\u00e0 di esercizio dei diritti:<\/strong>&nbsp;Potr\u00e0 in qualunque momento esercitare i Suoi diritti inviando: \u2013 una raccomandata a\/r alla sede legale della Newsteca S.r.l. Via Larga, 6 \u2013 20122 Milano \u2013 una e-mail all\u2019 indirizzo: privacy@newsteca.it<\/li><\/ul>\n\n\n\n<ul><li><strong>Modifiche alla presente Informativa:<\/strong>&nbsp;La presente Informativa pu\u00f2 subire variazioni. Si consiglia, quindi, di controllare regolarmente questa Informativa e di riferirsi alla versione pi\u00f9 aggiornata. La versione aggiornata della policy privacy, in ogni caso, viene pubblicata in questa pagina, con indicazione della data del suo ultimo aggiornamento.<\/li><\/ul>\n\n\n\n<p>Ultimo aggiornamento in data 31\/05\/2022.<\/p>\n","protected":false},"excerpt":{"rendered":"<p>NFORMAZIONI RELATIVE ALLA PRIVACY POLICY DEL SITO: www.missionfleetawards.it Newsteca S.r.l., Via Larga, 6, 20122, Milano, ITALIA, P.IVA 13171520151 (in seguito, \u201cTitolare\u201d), in qualit\u00e0 di titolare del trattamento, La informa ai sensi dell\u2019art. 13 Regolamento UE n. 2016\/679 (in seguito, \u201cGDPR\u201d) che i Suoi dati, in relazione alla Vostra navigazione sul nostro sito internet, saranno trattati&hellip;<\/p>\n","protected":false},"author":1,"featured_media":0,"parent":0,"menu_order":0,"comment_status":"closed","ping_status":"closed","template":"","meta":{"ngg_post_thumbnail":0,"footnotes":""},"_links":{"self":[{"href":"https:\/\/missionfleetawards.it\/index.php\/wp-json\/wp\/v2\/pages\/3917"}],"collection":[{"href":"https:\/\/missionfleetawards.it\/index.php\/wp-json\/wp\/v2\/pages"}],"about":[{"href":"https:\/\/missionfleetawards.it\/index.php\/wp-json\/wp\/v2\/types\/page"}],"author":[{"embeddable":true,"href":"https:\/\/missionfleetawards.it\/index.php\/wp-json\/wp\/v2\/users\/1"}],"replies":[{"embeddable":true,"href":"https:\/\/missionfleetawards.it\/index.php\/wp-json\/wp\/v2\/comments?post=3917"}],"version-history":[{"count":4,"href":"https:\/\/missionfleetawards.it\/index.php\/wp-json\/wp\/v2\/pages\/3917\/revisions"}],"predecessor-version":[{"id":6009,"href":"https:\/\/missionfleetawards.it\/index.php\/wp-json\/wp\/v2\/pages\/3917\/revisions\/6009"}],"wp:attachment":[{"href":"https:\/\/missionfleetawards.it\/index.php\/wp-json\/wp\/v2\/media?parent=3917"}],"curies":[{"name":"wp","href":"https:\/\/api.w.org\/{rel}","templated":true}]}}