{"id":2752,"date":"2017-11-28T10:50:22","date_gmt":"2017-11-28T09:50:22","guid":{"rendered":"http:\/\/missionfleetawards.it\/?page_id=2752"},"modified":"2017-11-28T10:50:22","modified_gmt":"2017-11-28T09:50:22","slug":"fornitori-vincitori-missionfleetawards-2017","status":"publish","type":"page","link":"https:\/\/missionfleetawards.it\/index.php\/fornitori-vincitori-missionfleetawards-2017\/","title":{"rendered":"Fornitori vincitori MissionFleetAwards 2017"},"content":{"rendered":"<p style=\"text-align: center;\"><strong>MIGLIOR SOFTWARE GESTIONALE PER LA FLOTTA AUTO<\/strong><br \/>\nMYFLEETSOLUTION: con MYFLEET&amp;MYCAR<br \/>\nCon la seguente Motivazione: <em>\u201cUn prodotto per la gestione delle flotta auto completo che offre svariati servizi dalla gestione operativa a quella amministrativa. Punto a favore di questa azienda \u00e8 anche la preparazione e la competenza del personale e l\u2019approccio al cliente\u201d<\/em><\/p>\n<p style=\"text-align: center;\"><strong>MIGLIOR SERVIZIO DI OUTSOURCING PER LA FLOTTA AUTO<br \/>\n<\/strong>DOCTOR GLASS<br \/>\nCon la seguente Motivazione: <em>\u201cNon solo software e gestionali. La giuria qui ha voluto premiare in particolare un servizio importante, prestato velocemente ma con accuratezza che non interviene solo al momento del danno. Infatti questa azienda, propone anche un check up periodico nelle sedi del cliente, abbattendo cos\u00ec i costi e minimizzando anche i fermi-macchina\u201d<\/em><\/p>\n<p style=\"text-align: center;\"><strong>MIGLIOR SERVIZIO DI TELEMATICA PER LA FLOTTA AUTO<\/strong><br \/>\nVISIRUN<br \/>\nCon la seguente Motivazione: <em>\u201cUn software semplice, di facile utilizzo, integrabile e personalizzabile al massimo. Grazie anche a una struttura internazionale, ma con forti legami sul territorio italiano. Questo servizio permette cos\u00ec ai Fleet Manager di avere un quadro generale dello stato della propria flotta in tempo reale. Senza sorprese\u201d<\/em><\/p>\n<p style=\"text-align: center;\"><strong>COMPANY CAR<\/strong><\/p>\n<p style=\"text-align: center;\"><strong>AUTO PER SALES E AGENTI<br \/>\n<\/strong>Nissan QASHQAI 1.5 dCi<br \/>\nCon la seguente Motivazione: <em>\u201cUn modello intramontabile, il progenitore di tutti i crossover, ma che continua a rinnovarsi e a riscuotere molto successo sul mercato. Senza far tremare i polsi ai Fleet Manager per canoni e valori residui\u201d<\/em><\/p>\n<p style=\"text-align: center;\"><strong>AUTO PER QUADRI E MIDDLE MANAGEMENT<br \/>\n<\/strong>Renault Nuova Grand Scenic Bose Energy Dci 160<br \/>\nCon la seguente Motivazione: <em>\u201cTanto spazio e ottimi motori, nonch\u00e9 allestimenti ad hoc per le esigenze del cliente flotte. Un\u2019auto scelta dai Fleet Manager e dai driver, perfetta per chi cerca un mezzo completo per la famiglia e il lavoro. Piace anche per le basse emissioni di <\/em><em>CO2\u201d<\/em><\/p>\n<p style=\"text-align: center;\"><strong>AUTO PER DIRETTORE E DIRIGENTI<\/strong><br \/>\nAlfa Romeo Giulia Business Sport Launch edition 2.2 Turbo AT8 180CV<br \/>\nCon la seguente Motivazione: <em>\u201cL\u2019Auto convince per la guidabilit\u00e0 ed il comfort. Il motore esprime al meglio una grande tradizione di sportivit\u00e0 del marchio che emoziona sempre. Ma ai Fleet manager piace anche la nuova politica flotte del gruppo\u201d<\/em><\/p>\n<p style=\"text-align: center;\"><strong>AUTO AD ALIMENTAZIONE ALTERNATIVA<br \/>\n<\/strong>Toyota C-HR 1.8 Hybrid<br \/>\nCon la seguente Motivazione: <em>\u201cEquilibrio e affidabilit\u00e0, ma anche un design che ha conquistato il mercato. Va considerata come la miglior auto ad alimentazione alternativa con un\u2019autonomia sopra la media e che propone una tecnologia all\u2019avanguardia nel mondo dell\u2019ibrido\u201d<\/em><\/p>\n<p style=\"text-align: center;\"><strong>MENZIONE SPECIALE DELLA GIURIA<br \/>\n<\/strong>Renault Zoe<br \/>\nCon la seguente Motivazione: <em>\u201cLa Giuria ha inoltre voluto assegnare una menzione ad un modello totalmente elettrico, sicuramente innovativo che in un paese con una rete infrastrutturale all\u2019altezza, avrebbe trionfato in questa categoria\u201d<\/em><\/p>\n<p style=\"text-align: center;\"><strong>VEICOLO DI SERVIZIO<br \/>\n<\/strong>Nissan e-NV200 VAN<br \/>\nCon la seguente Motivazione: <em>\u201cUn veicolo di servizio multipurpose, anche con propulsione elettrica, che nell\u2019ultima versione \u00e8 migliorato pure esteticamente. Grande versatilit\u00e0: \u00e8 utilizzabile sia per le consegne che per il trasporto passeggeri, come veicolo per transfer o di servizio\u201d<\/em><\/p>\n<p style=\"text-align: center;\"><strong>MENZIONE SPECIALE DELLA GIURIA<\/strong><br \/>\nSEAT Italia<br \/>\nCon la seguente Motivazione: <em>\u201cLe auto di questo brand sono state quelle pi\u00f9 votate dai lettori online, e a detta dei nostri giurati, il brand \u00e8 cresciuto sensibilmente per la qualit\u00e0 costruttiva, con un cambio di passo riscontrabile anche nel mondo flotte. Da qui la nostra menzione speciale alla struttura flotte del marchio, sempre pi\u00f9 vicino alle esigenze dei Fleet manager\u201d<\/em><\/p>\n","protected":false},"excerpt":{"rendered":"<p>MIGLIOR SOFTWARE GESTIONALE PER LA FLOTTA AUTO MYFLEETSOLUTION: con MYFLEET&amp;MYCAR Con la seguente Motivazione: \u201cUn prodotto per la gestione delle flotta auto completo che offre svariati servizi dalla gestione operativa a quella amministrativa. Punto a favore di questa azienda \u00e8 anche la preparazione e la competenza del personale e l\u2019approccio al cliente\u201d MIGLIOR SERVIZIO DI&hellip;<\/p>\n","protected":false},"author":1,"featured_media":0,"parent":0,"menu_order":0,"comment_status":"closed","ping_status":"closed","template":"","meta":{"ngg_post_thumbnail":0,"footnotes":""},"_links":{"self":[{"href":"https:\/\/missionfleetawards.it\/index.php\/wp-json\/wp\/v2\/pages\/2752"}],"collection":[{"href":"https:\/\/missionfleetawards.it\/index.php\/wp-json\/wp\/v2\/pages"}],"about":[{"href":"https:\/\/missionfleetawards.it\/index.php\/wp-json\/wp\/v2\/types\/page"}],"author":[{"embeddable":true,"href":"https:\/\/missionfleetawards.it\/index.php\/wp-json\/wp\/v2\/users\/1"}],"replies":[{"embeddable":true,"href":"https:\/\/missionfleetawards.it\/index.php\/wp-json\/wp\/v2\/comments?post=2752"}],"version-history":[{"count":1,"href":"https:\/\/missionfleetawards.it\/index.php\/wp-json\/wp\/v2\/pages\/2752\/revisions"}],"predecessor-version":[{"id":2753,"href":"https:\/\/missionfleetawards.it\/index.php\/wp-json\/wp\/v2\/pages\/2752\/revisions\/2753"}],"wp:attachment":[{"href":"https:\/\/missionfleetawards.it\/index.php\/wp-json\/wp\/v2\/media?parent=2752"}],"curies":[{"name":"wp","href":"https:\/\/api.w.org\/{rel}","templated":true}]}}