{"id":137,"date":"2014-07-21T10:45:40","date_gmt":"2014-07-21T10:45:40","guid":{"rendered":"http:\/\/www.gavick.com\/demo\/wordpress\/events\/?page_id=137"},"modified":"2025-04-29T11:33:52","modified_gmt":"2025-04-29T09:33:52","slug":"riunione-giurie-presentazione-progetti-fleet-manager","status":"publish","type":"page","link":"https:\/\/missionfleetawards.it\/index.php\/riunione-giurie-presentazione-progetti-fleet-manager\/","title":{"rendered":"Riunioni di giuria e presentazione dei progetti dei Fleet Manager"},"content":{"rendered":"<p style=\"text-align: center;\"><img loading=\"lazy\" decoding=\"async\" class=\"alignnone size-full wp-image-1312\" src=\"http:\/\/missionfleetawards.it\/wp-content\/uploads\/2016\/03\/giurie-presentazione.jpg\" alt=\"Riunione giurie e presentazione fleet manager\" width=\"872\" height=\"437\" srcset=\"https:\/\/missionfleetawards.it\/wp-content\/uploads\/2016\/03\/giurie-presentazione.jpg 872w, https:\/\/missionfleetawards.it\/wp-content\/uploads\/2016\/03\/giurie-presentazione-300x150.jpg 300w\" sizes=\"(max-width: 872px) 100vw, 872px\" \/><\/p>\n<p style=\"text-align: center;\">&nbsp;<\/p>\n<p style=\"text-align: center;\">La giuria si riunir\u00e0 due volte durante il mese di settembre.<\/p>\n<p style=\"text-align: center;\">Durante la prima riunione la giuria valuter\u00e0 i <strong>FORNITORI DELLA FLOTTA AZIENDALE<\/strong> e in fase di valutazione far\u00e0 un match tra le candidature ricevute e i risultati delle votazioni on-line. In questa sede i candidati avranno la possibilit\u00e0 di presentare i prodotti\/servizi alla giuria.<\/p>\n<p style=\"text-align: center;\">Infine, saranno scelti i vincitori delle categorie relative alle case auto in base ai dati relativi alle vendite <em>true fleet&nbsp;<\/em>in Italia, forniti da Dataforce Italia. La classifica dei modelli pi\u00f9 venduti sar\u00e0 esaminata dalla giuria che, in base alla propria esperienza e al lavoro quotidiano di gestione delle flotte auto aziendali, designer\u00e0 i modelli vincitori.<\/p>\n<p style=\"text-align: center;\">La seconda riunione invece sar\u00e0 dedicata alla categoria <strong>FLEET MANAGER<\/strong> e tutti i candidati avranno l&#8217;opportunit\u00e0 di presentare i propri progetti innovativi.<\/p>\n<p style=\"text-align: center;\">I vincitori saranno svelati il<strong> 17 NOVEMBRE 2025 <\/strong>durante <a href=\"http:\/\/missionfleetawards.it\/index.php\/serata-di-gala\/\">la serata di gala<\/a>.<\/p>\n\n\n<p><\/p>\n","protected":false},"excerpt":{"rendered":"<p>&nbsp; La giuria si riunir\u00e0 due volte durante il mese di settembre. Durante la prima riunione la giuria valuter\u00e0 i FORNITORI DELLA FLOTTA AZIENDALE e in fase di valutazione far\u00e0 un match tra le candidature ricevute e i risultati delle votazioni on-line. In questa sede i candidati avranno la possibilit\u00e0 di presentare i prodotti\/servizi alla&hellip;<\/p>\n","protected":false},"author":1,"featured_media":956,"parent":0,"menu_order":0,"comment_status":"closed","ping_status":"closed","template":"template.eventoConfrerence.php","meta":{"ngg_post_thumbnail":0,"footnotes":""},"_links":{"self":[{"href":"https:\/\/missionfleetawards.it\/index.php\/wp-json\/wp\/v2\/pages\/137"}],"collection":[{"href":"https:\/\/missionfleetawards.it\/index.php\/wp-json\/wp\/v2\/pages"}],"about":[{"href":"https:\/\/missionfleetawards.it\/index.php\/wp-json\/wp\/v2\/types\/page"}],"author":[{"embeddable":true,"href":"https:\/\/missionfleetawards.it\/index.php\/wp-json\/wp\/v2\/users\/1"}],"replies":[{"embeddable":true,"href":"https:\/\/missionfleetawards.it\/index.php\/wp-json\/wp\/v2\/comments?post=137"}],"version-history":[{"count":32,"href":"https:\/\/missionfleetawards.it\/index.php\/wp-json\/wp\/v2\/pages\/137\/revisions"}],"predecessor-version":[{"id":8232,"href":"https:\/\/missionfleetawards.it\/index.php\/wp-json\/wp\/v2\/pages\/137\/revisions\/8232"}],"wp:featuredmedia":[{"embeddable":true,"href":"https:\/\/missionfleetawards.it\/index.php\/wp-json\/wp\/v2\/media\/956"}],"wp:attachment":[{"href":"https:\/\/missionfleetawards.it\/index.php\/wp-json\/wp\/v2\/media?parent=137"}],"curies":[{"name":"wp","href":"https:\/\/api.w.org\/{rel}","templated":true}]}}